{"id":102496,"date":"2024-11-17T14:31:47","date_gmt":"2024-11-17T13:31:47","guid":{"rendered":"https:\/\/ebeltoftstrandcamping.dk\/zwembad\/"},"modified":"2025-05-05T15:01:04","modified_gmt":"2025-05-05T14:01:04","slug":"zwembad","status":"publish","type":"page","link":"https:\/\/ebeltoftstrandcamping.dk\/nl\/het-vierkant\/zwembad\/","title":{"rendered":"Zwembad"},"content":{"rendered":"<p>[et_pb_section fb_built=&#8221;1&#8243; _builder_version=&#8221;4.27.4&#8243; _module_preset=&#8221;default&#8221; use_background_color_gradient=&#8221;on&#8221; background_color_gradient_direction=&#8221;45deg&#8221; background_color_gradient_stops=&#8221;rgba(0,0,0,0.6) 0%|rgba(0,0,0,0.6) 100%&#8221; background_color_gradient_overlays_image=&#8221;on&#8221; background_image=&#8221;https:\/\/ebeltoftstrandcamping.dk\/wp-content\/uploads\/&#8221; hover_enabled=&#8221;0&#8243; global_colors_info=&#8221;{}&#8221; height_last_edited=&#8221;on|phone&#8221; height=&#8221;400px&#8221; sticky_enabled=&#8221;0&#8243; height_tablet=&#8221;350px&#8221; height_phone=&#8221;350px&#8221;][et_pb_row _builder_version=&#8221;4.17.3&#8243; _module_preset=&#8221;default&#8221; custom_padding=&#8221;||0px||false|false&#8221; global_colors_info=&#8221;{}&#8221;][et_pb_column type=&#8221;4_4&#8243; _builder_version=&#8221;4.17.3&#8243; _module_preset=&#8221;default&#8221; global_colors_info=&#8221;{}&#8221;][et_pb_text _builder_version=&#8221;4.27.3&#8243; _module_preset=&#8221;default&#8221; header_font=&#8221;||||||||&#8221; header_text_color=&#8221;#FFFFFF&#8221; header_2_text_color=&#8221;#FFFFFF&#8221; custom_margin=&#8221;||0px||false|false&#8221; global_colors_info=&#8221;{}&#8221;]<\/p>\n<h1>Camping met zwembad<\/h1>\n<p>[\/et_pb_text][\/et_pb_column][\/et_pb_row][et_pb_row _builder_version=&#8221;4.17.3&#8243; _module_preset=&#8221;default&#8221; custom_padding=&#8221;0px||||false|false&#8221; global_colors_info=&#8221;{}&#8221;][et_pb_column type=&#8221;4_4&#8243; _builder_version=&#8221;4.17.3&#8243; _module_preset=&#8221;default&#8221; global_colors_info=&#8221;{}&#8221;][et_pb_divider color=&#8221;gcid-7ce7b00a-a0f7-4559-8af2-0adef5afd391&#8243; _builder_version=&#8221;4.17.3&#8243; _module_preset=&#8221;default&#8221; height=&#8221;0px&#8221; custom_margin=&#8221;||0px||false|false&#8221; custom_padding=&#8221;||||false|false&#8221; global_colors_info=&#8221;{%22gcid-7ce7b00a-a0f7-4559-8af2-0adef5afd391%22:%91%22border_color_right%22,%22color%22%93}&#8221;][\/et_pb_divider][et_pb_divider show_divider=&#8221;off&#8221; admin_label=&#8221;Point right bottom&#8221; module_class=&#8221;dot-right-bottom sub-page-dot&#8221; _builder_version=&#8221;4.17.3&#8243; _module_preset=&#8221;default&#8221; height=&#8221;25px&#8221; border_width_right=&#8221;1px&#8221; border_color_right=&#8221;gcid-7ce7b00a-a0f7-4559-8af2-0adef5afd391&#8243; global_colors_info=&#8221;{%22gcid-7ce7b00a-a0f7-4559-8af2-0adef5afd391%22:%91%22border_color_right%22%93}&#8221;][\/et_pb_divider][\/et_pb_column][\/et_pb_row][\/et_pb_section][et_pb_section fb_built=&#8221;1&#8243; _builder_version=&#8221;4.27.3&#8243; _module_preset=&#8221;default&#8221; background_image=&#8221;https:\/\/ebeltoftstrandcamping.dk\/wp-content\/uploads\/2024\/10\/corner-dots-left-top.png&#8221; background_size=&#8221;initial&#8221; background_position=&#8221;top_left&#8221; background_last_edited=&#8221;on|tablet&#8221; background_enable_image_tablet=&#8221;off&#8221; global_colors_info=&#8221;{}&#8221;][et_pb_row _builder_version=&#8221;4.27.3&#8243; _module_preset=&#8221;default&#8221; global_colors_info=&#8221;{}&#8221;][et_pb_column type=&#8221;4_4&#8243; _builder_version=&#8221;4.27.3&#8243; _module_preset=&#8221;default&#8221; global_colors_info=&#8221;{}&#8221;][et_pb_text _builder_version=&#8221;4.27.3&#8243; _module_preset=&#8221;default&#8221; global_colors_info=&#8221;{}&#8221;]<\/p>\n<p>Er is bijna niets leuker dan in het zwembad springen als de zon hoog aan de hemel staat. Hier kun je Lekker afkoelen, zwemmen of laten zien hoe ver je van de kant af en het water kunt springen. Een zwembad staat dan ook bovenaan het verlanglijstje van veel vakantiegangers bij het boeken van hun zomervakantie.  <\/p>\n<p>Op zoek naar een camping met zwembad in Djursland? Op de Ebeltoft Strand Camping kun je je verheugen op een sprong in het grote, verwarmde zwembad. Het zwembad is zo ingedeeld dat er ruimte is voor zowel kleine als grote waterratten. Als je van spanning houdt, probeer dan zeker de glijbaan die je halsoverkop in het kristalblauwe water laat plonsen.   <\/p>\n<p>De Ebeltoft Strand Camping is idyllisch gelegen naast de prachtige Ebeltoft Vig. Hier zijn alle ingredi\u00ebnten aanwezig voor een fantastische gezinsvakantie. Of het nu gaat om zwemmen, wandelen langs het strand of het bezoeken van uistekende restaurants in gezellige straatjes.  <\/p>\n<p>Je vindt ons op een paar honderd meter van Ebeltoft C &#8211; vlak naast het beste strand van de Ebeltoft Vig.<\/p>\n<p>[\/et_pb_text][\/et_pb_column][\/et_pb_row][et_pb_row column_structure=&#8221;1_2,1_2&#8243; _builder_version=&#8221;4.17.3&#8243; _module_preset=&#8221;default&#8221; custom_padding=&#8221;50px||35px||false|false&#8221; global_colors_info=&#8221;{}&#8221;][et_pb_column type=&#8221;1_2&#8243; _builder_version=&#8221;4.17.3&#8243; _module_preset=&#8221;default&#8221; custom_padding=&#8221;25px||||false|false&#8221; global_colors_info=&#8221;{}&#8221;][et_pb_text _builder_version=&#8221;4.27.3&#8243; _module_preset=&#8221;default&#8221; global_colors_info=&#8221;{}&#8221;]<\/p>\n<h2>Gezellige camping aan deEbeltoft Vig<\/h2>\n<p>[\/et_pb_text][et_pb_text _builder_version=&#8221;4.27.3&#8243; _module_preset=&#8221;default&#8221; text_font=&#8221;||||||||&#8221; text_line_height=&#8221;1.8em&#8221; global_colors_info=&#8221;{}&#8221;]<\/p>\n<p>Dicht bij de drukte van de stad en de rust van de zee vind je de Ebeltoft Strand Camping. Hier kun je genieten van een vakantie aan de prachtige Ebeltoft Vig, aan de oostkant van Jutland. Als je je caravan verlaat, is het maar een paar stappen voordat je aan de waterkant staat.  <\/p>\n<p>Het strand heeft niet alleen een indrukwekkend uitzicht op de Ebeltoft Vig. Het is ook een uiterst kindvriendelijk gebied dat plezier geeft aan waterratten van alle leeftijden. Laat de kinderen spetteren in de blauwe golven terwijl jij je verdiept in een goed boek. Of maak een wandeling langs het water en laat de relaxte sfeer op je inwerken.   <\/p>\n<p>Wil je sportief in actie komen? Op de Ebeltoft Strand Camping kun je allerlei watersporten beoefenen. Beleef een tochtje op het water op een SUP board of peddel weg in een kajak. Vergeet niet om de kleintjes in de gaten te houden als ze in het water spelen.   <\/p>\n<p>[\/et_pb_text][\/et_pb_column][et_pb_column type=&#8221;1_2&#8243; _builder_version=&#8221;4.17.3&#8243; _module_preset=&#8221;default&#8221; global_colors_info=&#8221;{}&#8221;][et_pb_image src=&#8221;https:\/\/ebeltoftstrandcamping.dk\/wp-content\/uploads\/2025\/01\/ESC_CAMPLIFE-2402-1-1900&#215;600-1.jpg&#8221; title_text=&#8221;ESC_CAMPLIFE-2402 (1) (1)900&#215;600&#8243; _builder_version=&#8221;4.27.4&#8243; _module_preset=&#8221;default&#8221; animation_style=&#8221;slide&#8221; animation_direction=&#8221;right&#8221; animation_duration=&#8221;1500ms&#8221; animation_delay=&#8221;100ms&#8221; animation_intensity_slide=&#8221;5%&#8221; global_colors_info=&#8221;{}&#8221;][\/et_pb_image][\/et_pb_column][\/et_pb_row][\/et_pb_section][et_pb_section fb_built=&#8221;1&#8243; _builder_version=&#8221;4.27.3&#8243; _module_preset=&#8221;default&#8221; background_color=&#8221;gcid-d70a5a6a-d90d-43f0-b48d-3d8f33a6130e&#8221; global_colors_info=&#8221;{%22gcid-d70a5a6a-d90d-43f0-b48d-3d8f33a6130e%22:%91%22background_color%22%93}&#8221;][et_pb_row column_structure=&#8221;1_2,1_2&#8243; _builder_version=&#8221;4.27.3&#8243; _module_preset=&#8221;default&#8221; global_colors_info=&#8221;{}&#8221;][et_pb_column type=&#8221;1_2&#8243; _builder_version=&#8221;4.27.3&#8243; _module_preset=&#8221;default&#8221; global_colors_info=&#8221;{}&#8221;][et_pb_image src=&#8221;https:\/\/ebeltoftstrandcamping.dk\/wp-content\/uploads\/2025\/01\/ESC_CAMPLIFE-2359-2900&#215;600-1.jpg&#8221; title_text=&#8221;ESC_CAMPLIFE-2359 (2)900&#215;600&#8243; _builder_version=&#8221;4.27.4&#8243; _module_preset=&#8221;default&#8221; global_colors_info=&#8221;{}&#8221;][\/et_pb_image][\/et_pb_column][et_pb_column type=&#8221;1_2&#8243; _builder_version=&#8221;4.27.3&#8243; _module_preset=&#8221;default&#8221; global_colors_info=&#8221;{}&#8221;][et_pb_heading title=&#8221;Neem een duik in ons verwarmde zwembad&#8221; _builder_version=&#8221;4.27.3&#8243; _module_preset=&#8221;default&#8221; title_level=&#8221;h4&#8243; title_text_align=&#8221;left&#8221; global_colors_info=&#8221;{}&#8221;][\/et_pb_heading][et_pb_text _builder_version=&#8221;4.27.3&#8243; _module_preset=&#8221;default&#8221; global_colors_info=&#8221;{}&#8221;]<\/p>\n<p>Een duik in zee kan koud zijn &#8211; zelfs op een warme zomerdag. Dus waarom zou je niet kiezen voor een camping met een verwarmd zwembad waar je geen koude rillingen krijgt van het water? Op de Ebeltoft Strand Camping vind je het heerlijkste zwembad waar zelfs de meeste koukleumen terecht kunnen. We zorgen er altijd voor dat het water altijd wordt verwarmd tot minimaal 26 graden.   <\/p>\n<p>In het zwem gedeelte vind je twee baden:<\/p>\n<ul>\n<li>Een groot zwembad voor volwassenen en oudere kinderen<\/li>\n<li>Een ondiep kinderbad voor de jongste waterratten.<\/li>\n<\/ul>\n<p>Voor de rust kun je ontspannen op ons zonneterras van 600 vierkante meter. Je kunt kiezen uit relaxen op een stoel of genieten van de zon op een ligbed. <\/p>\n<p>Alle vaste en vakantiegasten hebben gratis toegang tot het zwembad van Pinksteren tot het allerlaatste weekend van augustus.<\/p>\n<p>[\/et_pb_text][\/et_pb_column][\/et_pb_row][\/et_pb_section][et_pb_section fb_built=&#8221;1&#8243; _builder_version=&#8221;4.27.3&#8243; _module_preset=&#8221;default&#8221; background_color=&#8221;RGBA(255,255,255,0)&#8221; global_colors_info=&#8221;{}&#8221;][et_pb_row _builder_version=&#8221;4.27.3&#8243; _module_preset=&#8221;default&#8221; global_colors_info=&#8221;{}&#8221;][et_pb_column type=&#8221;4_4&#8243; _builder_version=&#8221;4.27.3&#8243; _module_preset=&#8221;default&#8221; global_colors_info=&#8221;{}&#8221;][et_pb_heading title=&#8221;Kindvriendelijke camping met zwembad in Djursland&#8221; _builder_version=&#8221;4.27.3&#8243; _module_preset=&#8221;default&#8221; title_level=&#8221;h4&#8243; title_text_align=&#8221;left&#8221; global_colors_info=&#8221;{}&#8221;][\/et_pb_heading][et_pb_text _builder_version=&#8221;4.27.3&#8243; _module_preset=&#8221;default&#8221; global_colors_info=&#8221;{}&#8221;]<\/p>\n<p>Hos Ebeltoft Strand Camping er der plads til hele familien. Uanset om mor er mest til aktiv ferie, far elsker ren afslapning, og b\u00f8rnene dr\u00f8mmer om timevis af leg. I bestemmer selv, hvordan jeres feriedage skal strikkes sammen.<\/p>\n<p>Slap af i \u00e9n af pladsens hyggelige kroge, mens b\u00f8rnene tager p\u00e5 eventyr. Camping med pool er en magnet for b\u00f8rnefamilier, s\u00e5 vi lover jer, at der ikke g\u00e5r lang tid, f\u00f8r venskaber opst\u00e5r. I poolen, p\u00e5 rutsjebanen eller i isk\u00f8en foran kiosken.<\/p>\n<p>Lad b\u00f8rnene give den fuld gas med \u00e9n af <a href=\"https:\/\/ebeltoftstrandcamping.dk\/pladsen\/\">pladsens<\/a> mange aktiviteter:<\/p>\n<ul>\n<li>Opvarmet pool med rutsjebane<\/li>\n<li>Legeplads<\/li>\n<li>Mooncars<\/li>\n<li>Fodboldbane<\/li>\n<li>H\u00e6ngek\u00f8jer.<\/li>\n<\/ul>\n<p>I kan ogs\u00e5 samle hele familien til et slag minigolf. Hvem er sejest og f\u00e5r f\u00e6rrest slag p\u00e5 de 18 huller?<\/p>\n<p>[\/et_pb_text][\/et_pb_column][\/et_pb_row][et_pb_row _builder_version=&#8221;4.27.3&#8243; _module_preset=&#8221;default&#8221; global_colors_info=&#8221;{}&#8221;][et_pb_column type=&#8221;4_4&#8243; _builder_version=&#8221;4.27.3&#8243; _module_preset=&#8221;default&#8221; global_colors_info=&#8221;{}&#8221;][et_pb_heading title=&#8221;Ontdek het idyllische en schilderachtige Djursland&#8221; _builder_version=&#8221;4.27.3&#8243; _module_preset=&#8221;default&#8221; title_level=&#8221;h4&#8243; global_colors_info=&#8221;{}&#8221;][\/et_pb_heading][et_pb_text _builder_version=&#8221;4.27.3&#8243; _module_preset=&#8221;default&#8221; global_colors_info=&#8221;{}&#8221;]<\/p>\n<p>Er is genoeg te doen op onze idyllische camping. In de zomer vullen we de activiteitenkalender altijd met leuke en gezellige activiteiten zoals poolparty&#8217;s, de gezellige creatieve workshop en muziekavonden. <\/p>\n<p>Vergeet niet op stap te gaan in de omgeving. Djursland is een mekka van prachtige attracties. Slechts op een paar honderd meter afstand ligt de stad Ebeltoft C, met haar bijzondere charme. Eigenzinnige herenhuizen, historische straten en creatieve ateliers wachten om elke hoek. Geen wonder dat de stad een populaire bestemming is geworden voor Deense en buitenlandse toeristen.    <\/p>\n<p>Vergeet tijdens je vakantie niet even langs te komen:<\/p>\n<ul>\n<li>Fregat Jylland<\/li>\n<li>Ree Park Safari<\/li>\n<li>Djurs Sommerland<\/li>\n<li>Scandinavisch dierenpark<\/li>\n<li>Nationaal park Mols Bjerge.<\/li>\n<\/ul>\n<p>[\/et_pb_text][\/et_pb_column][\/et_pb_row][\/et_pb_section][et_pb_section fb_built=&#8221;1&#8243; _builder_version=&#8221;4.27.3&#8243; _module_preset=&#8221;default&#8221; background_color=&#8221;gcid-d70a5a6a-d90d-43f0-b48d-3d8f33a6130e&#8221; global_colors_info=&#8221;{%22gcid-d70a5a6a-d90d-43f0-b48d-3d8f33a6130e%22:%91%22background_color%22%93}&#8221;][et_pb_row _builder_version=&#8221;4.27.3&#8243; _module_preset=&#8221;default&#8221; global_colors_info=&#8221;{}&#8221;][et_pb_column type=&#8221;4_4&#8243; _builder_version=&#8221;4.27.3&#8243; _module_preset=&#8221;default&#8221; global_colors_info=&#8221;{}&#8221;][et_pb_heading title=&#8221;Camping met zwembad &#8211; op loopafstand van Ebeltoft C&#8221; _builder_version=&#8221;4.27.3&#8243; _module_preset=&#8221;default&#8221; title_level=&#8221;h4&#8243; title_text_align=&#8221;left&#8221; global_colors_info=&#8221;{}&#8221;][\/et_pb_heading][et_pb_text _builder_version=&#8221;4.27.3&#8243; _module_preset=&#8221;default&#8221; global_colors_info=&#8221;{}&#8221;]<\/p>\n<p>Hytte, telt eller campingvogn. I bestemmer selv, hvor I vil sove. Og vi tager med gl\u00e6de imod jer, uanset om I er fastliggere eller blot bes\u00f8ger os en uge i l\u00f8bet af sommeren.<\/p>\n<p>Er du senior? S\u00e5 l\u00e6g m\u00e6rke til vores <a href=\"https:\/\/ebeltoftstrandcamping.dk\/tilbud\/seniorcamping\/\">seniortilbud<\/a>, som giver dig en dejlig ferie i lavs\u00e6sonen til en skarp pris.<\/p>\n<p>[\/et_pb_text][\/et_pb_column][\/et_pb_row][et_pb_row column_structure=&#8221;1_3,1_3,1_3&#8243; _builder_version=&#8221;4.27.3&#8243; _module_preset=&#8221;default&#8221; global_colors_info=&#8221;{}&#8221;][et_pb_column type=&#8221;1_3&#8243; _builder_version=&#8221;4.27.3&#8243; _module_preset=&#8221;default&#8221; global_colors_info=&#8221;{}&#8221;][et_pb_image src=&#8221;https:\/\/ebeltoftstrandcamping.dk\/wp-content\/uploads\/2025\/01\/ESC_CAMPLIFE-2345-11000&#215;667-1.jpg&#8221; title_text=&#8221;ESC_CAMPLIFE-2345 (1)1000&#215;667&#8243; _builder_version=&#8221;4.27.4&#8243; _module_preset=&#8221;default&#8221; global_colors_info=&#8221;{}&#8221;][\/et_pb_image][\/et_pb_column][et_pb_column type=&#8221;1_3&#8243; _builder_version=&#8221;4.27.3&#8243; _module_preset=&#8221;default&#8221; global_colors_info=&#8221;{}&#8221;][et_pb_image src=&#8221;https:\/\/ebeltoftstrandcamping.dk\/wp-content\/uploads\/2025\/01\/ESC_CAMPLIFE-2473-11000&#215;667-1.jpg&#8221; title_text=&#8221;ESC_CAMPLIFE-2473 (1)1000&#215;667&#8243; _builder_version=&#8221;4.27.4&#8243; _module_preset=&#8221;default&#8221; global_colors_info=&#8221;{}&#8221;][\/et_pb_image][\/et_pb_column][et_pb_column type=&#8221;1_3&#8243; _builder_version=&#8221;4.27.3&#8243; _module_preset=&#8221;default&#8221; global_colors_info=&#8221;{}&#8221;][et_pb_image src=&#8221;https:\/\/ebeltoftstrandcamping.dk\/wp-content\/uploads\/2025\/01\/ESC_CAMPLIFE-2223-11000&#215;667-1.jpg&#8221; title_text=&#8221;ESC_CAMPLIFE-2223 (1)1000&#215;667&#8243; _builder_version=&#8221;4.27.4&#8243; _module_preset=&#8221;default&#8221; global_colors_info=&#8221;{}&#8221;][\/et_pb_image][\/et_pb_column][\/et_pb_row][\/et_pb_section]<\/p>\n","protected":false},"excerpt":{"rendered":"<p>Camping met zwembadEr is bijna niets leuker dan in het zwembad springen als de zon hoog aan de hemel staat. Hier kun je Lekker afkoelen, zwemmen of laten zien hoe ver je van de kant af en het water kunt springen. Een zwembad staat dan ook bovenaan het verlanglijstje van veel vakantiegangers bij het boeken [&hellip;]<\/p>\n","protected":false},"author":1,"featured_media":0,"parent":102604,"menu_order":0,"comment_status":"closed","ping_status":"closed","template":"","meta":{"_et_pb_use_builder":"on","_et_pb_old_content":"","_et_gb_content_width":"","footnotes":""},"folder":[],"class_list":["post-102496","page","type-page","status-publish","hentry"],"yoast_head":"<!-- This site is optimized with the Yoast SEO plugin v27.4 - https:\/\/yoast.com\/product\/yoast-seo-wordpress\/ -->\n<title>Verwarmd zwembad op camping in Jutland | Ebeltoft Strand Camping<\/title>\n<meta name=\"description\" content=\"Geniet van een duik in ons verwarmde zwembad op Ebeltoft Strand Camping. Geopend van Pinksteren tot augustus - perfect voor zowel kinderen als volwassenen op warme zomerdagen.\" \/>\n<meta name=\"robots\" content=\"index, follow, max-snippet:-1, max-image-preview:large, max-video-preview:-1\" \/>\n<link rel=\"canonical\" href=\"https:\/\/ebeltoftstrandcamping.dk\/nl\/het-vierkant\/zwembad\/\" \/>\n<meta property=\"og:locale\" content=\"nl_NL\" \/>\n<meta property=\"og:type\" content=\"article\" \/>\n<meta property=\"og:title\" content=\"Verwarmd zwembad op camping in Jutland | Ebeltoft Strand Camping\" \/>\n<meta property=\"og:description\" content=\"Geniet van een duik in ons verwarmde zwembad op Ebeltoft Strand Camping. Geopend van Pinksteren tot augustus - perfect voor zowel kinderen als volwassenen op warme zomerdagen.\" \/>\n<meta property=\"og:url\" content=\"https:\/\/ebeltoftstrandcamping.dk\/nl\/het-vierkant\/zwembad\/\" \/>\n<meta property=\"og:site_name\" content=\"Ebeltoft Strand Camping\" \/>\n<meta property=\"article:publisher\" content=\"https:\/\/www.facebook.com\/ebeltoftstrandcamping\" \/>\n<meta property=\"article:modified_time\" content=\"2025-05-05T14:01:04+00:00\" \/>\n<meta property=\"og:image\" content=\"https:\/\/ebeltoftstrandcamping.dk\/wp-content\/uploads\/2025\/01\/Ebeltoft-360-px-high.png\" \/>\n\t<meta property=\"og:image:width\" content=\"1285\" \/>\n\t<meta property=\"og:image:height\" content=\"360\" \/>\n\t<meta property=\"og:image:type\" content=\"image\/png\" \/>\n<meta name=\"twitter:card\" content=\"summary_large_image\" \/>\n<meta name=\"twitter:label1\" content=\"Geschatte leestijd\" \/>\n\t<meta name=\"twitter:data1\" content=\"9 minuten\" \/>\n<script type=\"application\/ld+json\" class=\"yoast-schema-graph\">{\"@context\":\"https:\\\/\\\/schema.org\",\"@graph\":[{\"@type\":\"WebPage\",\"@id\":\"https:\\\/\\\/ebeltoftstrandcamping.dk\\\/nl\\\/het-vierkant\\\/zwembad\\\/\",\"url\":\"https:\\\/\\\/ebeltoftstrandcamping.dk\\\/nl\\\/het-vierkant\\\/zwembad\\\/\",\"name\":\"Verwarmd zwembad op camping in Jutland | Ebeltoft Strand Camping\",\"isPartOf\":{\"@id\":\"https:\\\/\\\/ebeltoftstrandcamping.dk\\\/nl\\\/#website\"},\"datePublished\":\"2024-11-17T13:31:47+00:00\",\"dateModified\":\"2025-05-05T14:01:04+00:00\",\"description\":\"Geniet van een duik in ons verwarmde zwembad op Ebeltoft Strand Camping. Geopend van Pinksteren tot augustus - perfect voor zowel kinderen als volwassenen op warme zomerdagen.\",\"breadcrumb\":{\"@id\":\"https:\\\/\\\/ebeltoftstrandcamping.dk\\\/nl\\\/het-vierkant\\\/zwembad\\\/#breadcrumb\"},\"inLanguage\":\"nl-NL\",\"potentialAction\":[{\"@type\":\"ReadAction\",\"target\":[\"https:\\\/\\\/ebeltoftstrandcamping.dk\\\/nl\\\/het-vierkant\\\/zwembad\\\/\"]}]},{\"@type\":\"BreadcrumbList\",\"@id\":\"https:\\\/\\\/ebeltoftstrandcamping.dk\\\/nl\\\/het-vierkant\\\/zwembad\\\/#breadcrumb\",\"itemListElement\":[{\"@type\":\"ListItem\",\"position\":1,\"name\":\"Home\",\"item\":\"https:\\\/\\\/ebeltoftstrandcamping.dk\\\/nl\\\/home\\\/\"},{\"@type\":\"ListItem\",\"position\":2,\"name\":\"De Camping\",\"item\":\"https:\\\/\\\/ebeltoftstrandcamping.dk\\\/nl\\\/het-vierkant\\\/\"},{\"@type\":\"ListItem\",\"position\":3,\"name\":\"Zwembad\"}]},{\"@type\":\"WebSite\",\"@id\":\"https:\\\/\\\/ebeltoftstrandcamping.dk\\\/nl\\\/#website\",\"url\":\"https:\\\/\\\/ebeltoftstrandcamping.dk\\\/nl\\\/\",\"name\":\"Ebeltoft Strand Camping\",\"description\":\"Din n\u00e6ste campingferie\",\"publisher\":{\"@id\":\"https:\\\/\\\/ebeltoftstrandcamping.dk\\\/nl\\\/#organization\"},\"potentialAction\":[{\"@type\":\"SearchAction\",\"target\":{\"@type\":\"EntryPoint\",\"urlTemplate\":\"https:\\\/\\\/ebeltoftstrandcamping.dk\\\/nl\\\/?s={search_term_string}\"},\"query-input\":{\"@type\":\"PropertyValueSpecification\",\"valueRequired\":true,\"valueName\":\"search_term_string\"}}],\"inLanguage\":\"nl-NL\"},{\"@type\":\"Organization\",\"@id\":\"https:\\\/\\\/ebeltoftstrandcamping.dk\\\/nl\\\/#organization\",\"name\":\"Ebeltoft Strand Camping\",\"url\":\"https:\\\/\\\/ebeltoftstrandcamping.dk\\\/nl\\\/\",\"logo\":{\"@type\":\"ImageObject\",\"inLanguage\":\"nl-NL\",\"@id\":\"https:\\\/\\\/ebeltoftstrandcamping.dk\\\/nl\\\/#\\\/schema\\\/logo\\\/image\\\/\",\"url\":\"https:\\\/\\\/ebeltoftstrandcamping.dk\\\/wp-content\\\/uploads\\\/2025\\\/01\\\/Ebeltoft-360-px-high.png\",\"contentUrl\":\"https:\\\/\\\/ebeltoftstrandcamping.dk\\\/wp-content\\\/uploads\\\/2025\\\/01\\\/Ebeltoft-360-px-high.png\",\"width\":1285,\"height\":360,\"caption\":\"Ebeltoft Strand Camping\"},\"image\":{\"@id\":\"https:\\\/\\\/ebeltoftstrandcamping.dk\\\/nl\\\/#\\\/schema\\\/logo\\\/image\\\/\"},\"sameAs\":[\"https:\\\/\\\/www.facebook.com\\\/ebeltoftstrandcamping\",\"https:\\\/\\\/www.instagram.com\\\/ebeltoftstrandcamping\\\/\"]}]}<\/script>\n<!-- \/ Yoast SEO plugin. -->","yoast_head_json":{"title":"Verwarmd zwembad op camping in Jutland | Ebeltoft Strand Camping","description":"Geniet van een duik in ons verwarmde zwembad op Ebeltoft Strand Camping. Geopend van Pinksteren tot augustus - perfect voor zowel kinderen als volwassenen op warme zomerdagen.","robots":{"index":"index","follow":"follow","max-snippet":"max-snippet:-1","max-image-preview":"max-image-preview:large","max-video-preview":"max-video-preview:-1"},"canonical":"https:\/\/ebeltoftstrandcamping.dk\/nl\/het-vierkant\/zwembad\/","og_locale":"nl_NL","og_type":"article","og_title":"Verwarmd zwembad op camping in Jutland | Ebeltoft Strand Camping","og_description":"Geniet van een duik in ons verwarmde zwembad op Ebeltoft Strand Camping. Geopend van Pinksteren tot augustus - perfect voor zowel kinderen als volwassenen op warme zomerdagen.","og_url":"https:\/\/ebeltoftstrandcamping.dk\/nl\/het-vierkant\/zwembad\/","og_site_name":"Ebeltoft Strand Camping","article_publisher":"https:\/\/www.facebook.com\/ebeltoftstrandcamping","article_modified_time":"2025-05-05T14:01:04+00:00","og_image":[{"width":1285,"height":360,"url":"https:\/\/ebeltoftstrandcamping.dk\/wp-content\/uploads\/2025\/01\/Ebeltoft-360-px-high.png","type":"image\/png"}],"twitter_card":"summary_large_image","twitter_misc":{"Geschatte leestijd":"9 minuten"},"schema":{"@context":"https:\/\/schema.org","@graph":[{"@type":"WebPage","@id":"https:\/\/ebeltoftstrandcamping.dk\/nl\/het-vierkant\/zwembad\/","url":"https:\/\/ebeltoftstrandcamping.dk\/nl\/het-vierkant\/zwembad\/","name":"Verwarmd zwembad op camping in Jutland | Ebeltoft Strand Camping","isPartOf":{"@id":"https:\/\/ebeltoftstrandcamping.dk\/nl\/#website"},"datePublished":"2024-11-17T13:31:47+00:00","dateModified":"2025-05-05T14:01:04+00:00","description":"Geniet van een duik in ons verwarmde zwembad op Ebeltoft Strand Camping. Geopend van Pinksteren tot augustus - perfect voor zowel kinderen als volwassenen op warme zomerdagen.","breadcrumb":{"@id":"https:\/\/ebeltoftstrandcamping.dk\/nl\/het-vierkant\/zwembad\/#breadcrumb"},"inLanguage":"nl-NL","potentialAction":[{"@type":"ReadAction","target":["https:\/\/ebeltoftstrandcamping.dk\/nl\/het-vierkant\/zwembad\/"]}]},{"@type":"BreadcrumbList","@id":"https:\/\/ebeltoftstrandcamping.dk\/nl\/het-vierkant\/zwembad\/#breadcrumb","itemListElement":[{"@type":"ListItem","position":1,"name":"Home","item":"https:\/\/ebeltoftstrandcamping.dk\/nl\/home\/"},{"@type":"ListItem","position":2,"name":"De Camping","item":"https:\/\/ebeltoftstrandcamping.dk\/nl\/het-vierkant\/"},{"@type":"ListItem","position":3,"name":"Zwembad"}]},{"@type":"WebSite","@id":"https:\/\/ebeltoftstrandcamping.dk\/nl\/#website","url":"https:\/\/ebeltoftstrandcamping.dk\/nl\/","name":"Ebeltoft Strand Camping","description":"Din n\u00e6ste campingferie","publisher":{"@id":"https:\/\/ebeltoftstrandcamping.dk\/nl\/#organization"},"potentialAction":[{"@type":"SearchAction","target":{"@type":"EntryPoint","urlTemplate":"https:\/\/ebeltoftstrandcamping.dk\/nl\/?s={search_term_string}"},"query-input":{"@type":"PropertyValueSpecification","valueRequired":true,"valueName":"search_term_string"}}],"inLanguage":"nl-NL"},{"@type":"Organization","@id":"https:\/\/ebeltoftstrandcamping.dk\/nl\/#organization","name":"Ebeltoft Strand Camping","url":"https:\/\/ebeltoftstrandcamping.dk\/nl\/","logo":{"@type":"ImageObject","inLanguage":"nl-NL","@id":"https:\/\/ebeltoftstrandcamping.dk\/nl\/#\/schema\/logo\/image\/","url":"https:\/\/ebeltoftstrandcamping.dk\/wp-content\/uploads\/2025\/01\/Ebeltoft-360-px-high.png","contentUrl":"https:\/\/ebeltoftstrandcamping.dk\/wp-content\/uploads\/2025\/01\/Ebeltoft-360-px-high.png","width":1285,"height":360,"caption":"Ebeltoft Strand Camping"},"image":{"@id":"https:\/\/ebeltoftstrandcamping.dk\/nl\/#\/schema\/logo\/image\/"},"sameAs":["https:\/\/www.facebook.com\/ebeltoftstrandcamping","https:\/\/www.instagram.com\/ebeltoftstrandcamping\/"]}]}},"_links":{"self":[{"href":"https:\/\/ebeltoftstrandcamping.dk\/nl\/wp-json\/wp\/v2\/pages\/102496","targetHints":{"allow":["GET"]}}],"collection":[{"href":"https:\/\/ebeltoftstrandcamping.dk\/nl\/wp-json\/wp\/v2\/pages"}],"about":[{"href":"https:\/\/ebeltoftstrandcamping.dk\/nl\/wp-json\/wp\/v2\/types\/page"}],"author":[{"embeddable":true,"href":"https:\/\/ebeltoftstrandcamping.dk\/nl\/wp-json\/wp\/v2\/users\/1"}],"replies":[{"embeddable":true,"href":"https:\/\/ebeltoftstrandcamping.dk\/nl\/wp-json\/wp\/v2\/comments?post=102496"}],"version-history":[{"count":11,"href":"https:\/\/ebeltoftstrandcamping.dk\/nl\/wp-json\/wp\/v2\/pages\/102496\/revisions"}],"predecessor-version":[{"id":103644,"href":"https:\/\/ebeltoftstrandcamping.dk\/nl\/wp-json\/wp\/v2\/pages\/102496\/revisions\/103644"}],"up":[{"embeddable":true,"href":"https:\/\/ebeltoftstrandcamping.dk\/nl\/wp-json\/wp\/v2\/pages\/102604"}],"wp:attachment":[{"href":"https:\/\/ebeltoftstrandcamping.dk\/nl\/wp-json\/wp\/v2\/media?parent=102496"}],"wp:term":[{"taxonomy":"folder","embeddable":true,"href":"https:\/\/ebeltoftstrandcamping.dk\/nl\/wp-json\/wp\/v2\/folder?post=102496"}],"curies":[{"name":"wp","href":"https:\/\/api.w.org\/{rel}","templated":true}]}}