{"id":102487,"date":"2024-11-17T14:31:47","date_gmt":"2024-11-17T13:31:47","guid":{"rendered":"https:\/\/ebeltoftstrandcamping.dk\/pool\/"},"modified":"2025-05-12T13:10:31","modified_gmt":"2025-05-12T12:10:31","slug":"pool","status":"publish","type":"page","link":"https:\/\/ebeltoftstrandcamping.dk\/en\/the-square\/pool\/","title":{"rendered":"Pool"},"content":{"rendered":"<p>[et_pb_section fb_built=&#8221;1&#8243; _builder_version=&#8221;4.27.4&#8243; _module_preset=&#8221;default&#8221; use_background_color_gradient=&#8221;on&#8221; background_color_gradient_direction=&#8221;45deg&#8221; background_color_gradient_stops=&#8221;rgba(0,0,0,0.6) 0%|rgba(0,0,0,0.6) 100%&#8221; background_color_gradient_overlays_image=&#8221;on&#8221; background_image=&#8221;https:\/\/ebeltoftstrandcamping.dk\/wp-content\/uploads\/2025\/01\/ESC_CAMPLIFE-2359-11920&#215;840-1.jpg&#8221; hover_enabled=&#8221;0&#8243; global_colors_info=&#8221;{}&#8221; height_last_edited=&#8221;on|phone&#8221; height=&#8221;400px&#8221; sticky_enabled=&#8221;0&#8243; height_tablet=&#8221;350px&#8221; height_phone=&#8221;350px&#8221;][et_pb_row _builder_version=&#8221;4.17.3&#8243; _module_preset=&#8221;default&#8221; custom_padding=&#8221;||0px||false|false&#8221; global_colors_info=&#8221;{}&#8221;][et_pb_column type=&#8221;4_4&#8243; _builder_version=&#8221;4.17.3&#8243; _module_preset=&#8221;default&#8221; global_colors_info=&#8221;{}&#8221;][et_pb_text _builder_version=&#8221;4.27.3&#8243; _module_preset=&#8221;default&#8221; header_font=&#8221;||||||||&#8221; header_text_color=&#8221;#FFFFFF&#8221; header_2_text_color=&#8221;#FFFFFF&#8221; custom_margin=&#8221;||0px||false|false&#8221; global_colors_info=&#8221;{}&#8221;]<\/p>\n<h1>Camping with pool<\/h1>\n<p>[\/et_pb_text][\/et_pb_column][\/et_pb_row][et_pb_row _builder_version=&#8221;4.17.3&#8243; _module_preset=&#8221;default&#8221; custom_padding=&#8221;0px||||false|false&#8221; global_colors_info=&#8221;{}&#8221;][et_pb_column type=&#8221;4_4&#8243; _builder_version=&#8221;4.17.3&#8243; _module_preset=&#8221;default&#8221; global_colors_info=&#8221;{}&#8221;][et_pb_divider color=&#8221;gcid-7ce7b00a-a0f7-4559-8af2-0adef5afd391&#8243; _builder_version=&#8221;4.17.3&#8243; _module_preset=&#8221;default&#8221; height=&#8221;0px&#8221; custom_margin=&#8221;||0px||false|false&#8221; custom_padding=&#8221;||||false|false&#8221; global_colors_info=&#8221;{%22gcid-7ce7b00a-a0f7-4559-8af2-0adef5afd391%22:%91%22border_color_right%22,%22color%22%93}&#8221;][\/et_pb_divider][et_pb_divider show_divider=&#8221;off&#8221; admin_label=&#8221;Point right bottom&#8221; module_class=&#8221;dot-right-bottom sub-page-dot&#8221; _builder_version=&#8221;4.17.3&#8243; _module_preset=&#8221;default&#8221; height=&#8221;25px&#8221; border_width_right=&#8221;1px&#8221; border_color_right=&#8221;gcid-7ce7b00a-a0f7-4559-8af2-0adef5afd391&#8243; global_colors_info=&#8221;{%22gcid-7ce7b00a-a0f7-4559-8af2-0adef5afd391%22:%91%22border_color_right%22%93}&#8221;][\/et_pb_divider][\/et_pb_column][\/et_pb_row][\/et_pb_section][et_pb_section fb_built=&#8221;1&#8243; _builder_version=&#8221;4.27.3&#8243; _module_preset=&#8221;default&#8221; background_image=&#8221;https:\/\/ebeltoftstrandcamping.dk\/wp-content\/uploads\/2024\/10\/corner-dots-left-top.png&#8221; background_size=&#8221;initial&#8221; background_position=&#8221;top_left&#8221; background_last_edited=&#8221;on|tablet&#8221; background_enable_image_tablet=&#8221;off&#8221; global_colors_info=&#8221;{}&#8221;][et_pb_row _builder_version=&#8221;4.27.3&#8243; _module_preset=&#8221;default&#8221; global_colors_info=&#8221;{}&#8221;][et_pb_column type=&#8221;4_4&#8243; _builder_version=&#8221;4.27.3&#8243; _module_preset=&#8221;default&#8221; global_colors_info=&#8221;{}&#8221;][et_pb_text _builder_version=&#8221;4.27.3&#8243; _module_preset=&#8221;default&#8221; global_colors_info=&#8221;{}&#8221;]<\/p>\n<p>There&#8217;s almost nothing better than jumping in the pool when the sun is high in the sky. You can cool off, take a swim or show off how far you can jump off the edge. That&#8217;s why the swimming pool is at the top of many vacationers&#8217; wish lists when it comes to booking their summer holiday.  <\/p>\n<p>Looking for camping with a pool in Djursland? At Ebeltoft Strand Camping you can look forward to jumping into a large, heated swimming pool. The pool is divided so there&#8217;s room for both small and large water lovers. If you love the rush, be sure to try a ride on the slide that sends you headlong into the crystal blue water.   <\/p>\n<p>Ebeltoft Strand Camping is idyllically located next to beautiful Ebeltoft Vig. Here you can enjoy time with all the ingredients of a fantastic family vacation. Whether it&#8217;s swimming, strolling along the beach or visiting delicious restaurants in cozy streets.  <\/p>\n<p>You&#8217;ll find us a few hundred meters from Ebeltoft C &#8211; right next to the best beach in Ebeltoft Vig.<\/p>\n<p>[\/et_pb_text][\/et_pb_column][\/et_pb_row][et_pb_row column_structure=&#8221;1_2,1_2&#8243; _builder_version=&#8221;4.17.3&#8243; _module_preset=&#8221;default&#8221; custom_padding=&#8221;50px||35px||false|false&#8221; global_colors_info=&#8221;{}&#8221;][et_pb_column type=&#8221;1_2&#8243; _builder_version=&#8221;4.17.3&#8243; _module_preset=&#8221;default&#8221; custom_padding=&#8221;25px||||false|false&#8221; global_colors_info=&#8221;{}&#8221;][et_pb_text _builder_version=&#8221;4.27.3&#8243; _module_preset=&#8221;default&#8221; global_colors_info=&#8221;{}&#8221;]<\/p>\n<h2>Cozy campsite by Ebeltoft Vig<\/h2>\n<p>[\/et_pb_text][et_pb_text _builder_version=&#8221;4.27.3&#8243; _module_preset=&#8221;default&#8221; text_font=&#8221;||||||||&#8221; text_line_height=&#8221;1.8em&#8221; global_colors_info=&#8221;{}&#8221;]<\/p>\n<p>Close to the bustle of the city and the sea, you&#8217;ll find Ebeltoft Strand Camping. Here you can enjoy a vacation by the beautiful Ebeltoft Vig, hiding under the nose of Jutland. When you leave your caravan, it&#8217;s only a few minutes before you hit the water&#8217;s edge.  <\/p>\n<p>The beach not only has an impressive view of Ebeltoft Vig. It&#8217;s also an extremely child-friendly area that will delight water lovers of all sizes. Let the kids jump in the blue waves while you immerse yourselves in good books on land. Or take a walk along the water&#8217;s edge and let the relaxed atmosphere get under your skin.   <\/p>\n<p>Do you love an active holiday? At Ebeltoft Strand Camping you can try your hand at all kinds of water sports. Try gliding on the water on a SUP board or row away in a kayak. Remember to keep an eye on the little ones if they participate in the water activities.   <\/p>\n<p>[\/et_pb_text][\/et_pb_column][et_pb_column type=&#8221;1_2&#8243; _builder_version=&#8221;4.17.3&#8243; _module_preset=&#8221;default&#8221; global_colors_info=&#8221;{}&#8221;][et_pb_image src=&#8221;https:\/\/ebeltoftstrandcamping.dk\/wp-content\/uploads\/2025\/01\/ESC_CAMPLIFE-2402-1-1900&#215;600-1.jpg&#8221; title_text=&#8221;ESC_CAMPLIFE-2402 (1) (1)900&#215;600&#8243; _builder_version=&#8221;4.27.4&#8243; _module_preset=&#8221;default&#8221; animation_style=&#8221;slide&#8221; animation_direction=&#8221;right&#8221; animation_duration=&#8221;1500ms&#8221; animation_delay=&#8221;100ms&#8221; animation_intensity_slide=&#8221;5%&#8221; global_colors_info=&#8221;{}&#8221;][\/et_pb_image][\/et_pb_column][\/et_pb_row][\/et_pb_section][et_pb_section fb_built=&#8221;1&#8243; _builder_version=&#8221;4.27.3&#8243; _module_preset=&#8221;default&#8221; background_color=&#8221;gcid-d70a5a6a-d90d-43f0-b48d-3d8f33a6130e&#8221; global_colors_info=&#8221;{%22gcid-d70a5a6a-d90d-43f0-b48d-3d8f33a6130e%22:%91%22background_color%22%93}&#8221;][et_pb_row column_structure=&#8221;1_2,1_2&#8243; _builder_version=&#8221;4.27.3&#8243; _module_preset=&#8221;default&#8221; global_colors_info=&#8221;{}&#8221;][et_pb_column type=&#8221;1_2&#8243; _builder_version=&#8221;4.27.3&#8243; _module_preset=&#8221;default&#8221; global_colors_info=&#8221;{}&#8221;][et_pb_image src=&#8221;https:\/\/ebeltoftstrandcamping.dk\/wp-content\/uploads\/2025\/01\/ESC_CAMPLIFE-2359-2900&#215;600-1.jpg&#8221; title_text=&#8221;ESC_CAMPLIFE-2359 (2)900&#215;600&#8243; _builder_version=&#8221;4.27.4&#8243; _module_preset=&#8221;default&#8221; global_colors_info=&#8221;{}&#8221;][\/et_pb_image][\/et_pb_column][et_pb_column type=&#8221;1_2&#8243; _builder_version=&#8221;4.27.3&#8243; _module_preset=&#8221;default&#8221; global_colors_info=&#8221;{}&#8221;][et_pb_heading title=&#8221;Take a dip in our heated pool&#8221; _builder_version=&#8221;4.27.3&#8243; _module_preset=&#8221;default&#8221; title_level=&#8221;h4&#8243; title_text_align=&#8221;left&#8221; global_colors_info=&#8221;{}&#8221;][\/et_pb_heading][et_pb_text _builder_version=&#8221;4.27.3&#8243; _module_preset=&#8221;default&#8221; global_colors_info=&#8221;{}&#8221;]<\/p>\n<p>A dip in the sea can be a cold affair &#8211; even on a hot summer day. So why not choose camping with a pool where the water won&#8217;t give you chills? At Ebeltoft Strand Camping you&#8217;ll find the most delicious pool where even the most cold-sensitive can join in. We always make sure that the water is heated to a minimum of 26 lovely degrees.   <\/p>\n<p>In the pool area you&#8217;ll find two pools for fun water fights and much-needed dips:<\/p>\n<ul>\n<li>A large pool for adults and older children<\/li>\n<li>A shallow children&#8217;s pool for the family&#8217;s youngest water lovers.<\/li>\n<\/ul>\n<p>When you need a break from the water , you can relax on our 600 square meter sun terrace. You can choose whether you want to relax on a chair or soak up the sun from a sun lounger. <\/p>\n<p>All full season and holiday guests have free access to the pool from Pentecost until the very last weekend in August.<\/p>\n<p>[\/et_pb_text][\/et_pb_column][\/et_pb_row][\/et_pb_section][et_pb_section fb_built=&#8221;1&#8243; _builder_version=&#8221;4.27.3&#8243; _module_preset=&#8221;default&#8221; background_color=&#8221;RGBA(255,255,255,0)&#8221; global_colors_info=&#8221;{}&#8221;][et_pb_row _builder_version=&#8221;4.27.3&#8243; _module_preset=&#8221;default&#8221; global_colors_info=&#8221;{}&#8221;][et_pb_column type=&#8221;4_4&#8243; _builder_version=&#8221;4.27.3&#8243; _module_preset=&#8221;default&#8221; global_colors_info=&#8221;{}&#8221;][et_pb_heading title=&#8221;Child-friendly camping with pool in Djursland&#8221; _builder_version=&#8221;4.27.3&#8243; _module_preset=&#8221;default&#8221; title_level=&#8221;h4&#8243; title_text_align=&#8221;left&#8221; global_colors_info=&#8221;{}&#8221;][\/et_pb_heading][et_pb_text _builder_version=&#8221;4.27.3&#8243; _module_preset=&#8221;default&#8221; global_colors_info=&#8221;{}&#8221;]<\/p>\n<p>Hos Ebeltoft Strand Camping er der plads til hele familien. Uanset om mor er mest til aktiv ferie, far elsker ren afslapning, og b\u00f8rnene dr\u00f8mmer om timevis af leg. I bestemmer selv, hvordan jeres feriedage skal strikkes sammen.<\/p>\n<p>Slap af i \u00e9n af pladsens hyggelige kroge, mens b\u00f8rnene tager p\u00e5 eventyr. Camping med pool er en magnet for b\u00f8rnefamilier, s\u00e5 vi lover jer, at der ikke g\u00e5r lang tid, f\u00f8r venskaber opst\u00e5r. I poolen, p\u00e5 rutsjebanen eller i isk\u00f8en foran kiosken.<\/p>\n<p>Lad b\u00f8rnene give den fuld gas med \u00e9n af <a href=\"https:\/\/ebeltoftstrandcamping.dk\/pladsen\/\">pladsens<\/a> mange aktiviteter:<\/p>\n<ul>\n<li>Opvarmet pool med rutsjebane<\/li>\n<li>Legeplads<\/li>\n<li>Mooncars<\/li>\n<li>Fodboldbane<\/li>\n<li>H\u00e6ngek\u00f8jer.<\/li>\n<\/ul>\n<p>I kan ogs\u00e5 samle hele familien til et slag minigolf. Hvem er sejest og f\u00e5r f\u00e6rrest slag p\u00e5 de 18 huller?<\/p>\n<p>[\/et_pb_text][\/et_pb_column][\/et_pb_row][et_pb_row _builder_version=&#8221;4.27.3&#8243; _module_preset=&#8221;default&#8221; global_colors_info=&#8221;{}&#8221;][et_pb_column type=&#8221;4_4&#8243; _builder_version=&#8221;4.27.3&#8243; _module_preset=&#8221;default&#8221; global_colors_info=&#8221;{}&#8221;][et_pb_heading title=&#8221;Discover idyllic and scenic Djursland&#8221; _builder_version=&#8221;4.27.3&#8243; _module_preset=&#8221;default&#8221; title_level=&#8221;h4&#8243; global_colors_info=&#8221;{}&#8221;][\/et_pb_heading][et_pb_text _builder_version=&#8221;4.27.3&#8243; _module_preset=&#8221;default&#8221; global_colors_info=&#8221;{}&#8221;]<\/p>\n<p>There&#8217;s plenty to do at our scenic campsite. Even in summer, we always fill the activity calendar with fun and entertaining activities such as pool parties, craft workshops and music evenings. <\/p>\n<p>Don&#8217;t forget to go on an adventure in the area. Djursland is a mecca of beautiful sights just waiting to be explored. Just a few hundred meters from here is Ebeltoft C, which has a very special charm. Quirky townhouses, historic streets and creative workshops await around every corner. It&#8217;s no wonder the city has become a popular destination for Danish and foreign tourists.    <\/p>\n<p>While on vacation, don&#8217;t forget to stop by:<\/p>\n<ul>\n<li>Frigate Jutland<\/li>\n<li>Ree Park Safari<\/li>\n<li>Djurs Summerland<\/li>\n<li>Scandinavian Wildlife Park<\/li>\n<li>Mols Bjerge National Park.<\/li>\n<\/ul>\n<p>[\/et_pb_text][\/et_pb_column][\/et_pb_row][\/et_pb_section][et_pb_section fb_built=&#8221;1&#8243; _builder_version=&#8221;4.27.3&#8243; _module_preset=&#8221;default&#8221; background_color=&#8221;gcid-d70a5a6a-d90d-43f0-b48d-3d8f33a6130e&#8221; global_colors_info=&#8221;{%22gcid-d70a5a6a-d90d-43f0-b48d-3d8f33a6130e%22:%91%22background_color%22%93}&#8221;][et_pb_row _builder_version=&#8221;4.27.3&#8243; _module_preset=&#8221;default&#8221; global_colors_info=&#8221;{}&#8221;][et_pb_column type=&#8221;4_4&#8243; _builder_version=&#8221;4.27.3&#8243; _module_preset=&#8221;default&#8221; global_colors_info=&#8221;{}&#8221;][et_pb_heading title=&#8221;Camping with pool &#8211; within walking distance to Ebeltoft C&#8221; _builder_version=&#8221;4.27.3&#8243; _module_preset=&#8221;default&#8221; title_level=&#8221;h4&#8243; title_text_align=&#8221;left&#8221; global_colors_info=&#8221;{}&#8221;][\/et_pb_heading][et_pb_text _builder_version=&#8221;4.27.3&#8243; _module_preset=&#8221;default&#8221; global_colors_info=&#8221;{}&#8221;]<\/p>\n<p>Hytte, telt eller campingvogn. I bestemmer selv, hvor I vil sove. Og vi tager med gl\u00e6de imod jer, uanset om I er fastliggere eller blot bes\u00f8ger os en uge i l\u00f8bet af sommeren.<\/p>\n<p>Er du senior? S\u00e5 l\u00e6g m\u00e6rke til vores <a href=\"https:\/\/ebeltoftstrandcamping.dk\/tilbud\/seniorcamping\/\">seniortilbud<\/a>, som giver dig en dejlig ferie i lavs\u00e6sonen til en skarp pris.<\/p>\n<p>[\/et_pb_text][\/et_pb_column][\/et_pb_row][et_pb_row column_structure=&#8221;1_3,1_3,1_3&#8243; _builder_version=&#8221;4.27.3&#8243; _module_preset=&#8221;default&#8221; global_colors_info=&#8221;{}&#8221;][et_pb_column type=&#8221;1_3&#8243; _builder_version=&#8221;4.27.3&#8243; _module_preset=&#8221;default&#8221; global_colors_info=&#8221;{}&#8221;][et_pb_image src=&#8221;https:\/\/ebeltoftstrandcamping.dk\/wp-content\/uploads\/2025\/01\/ESC_CAMPLIFE-2345-11000&#215;667-1.jpg&#8221; title_text=&#8221;ESC_CAMPLIFE-2345 (1)1000&#215;667&#8243; _builder_version=&#8221;4.27.4&#8243; _module_preset=&#8221;default&#8221; global_colors_info=&#8221;{}&#8221;][\/et_pb_image][\/et_pb_column][et_pb_column type=&#8221;1_3&#8243; _builder_version=&#8221;4.27.3&#8243; _module_preset=&#8221;default&#8221; global_colors_info=&#8221;{}&#8221;][et_pb_image src=&#8221;https:\/\/ebeltoftstrandcamping.dk\/wp-content\/uploads\/2025\/01\/ESC_CAMPLIFE-2473-11000&#215;667-1.jpg&#8221; title_text=&#8221;ESC_CAMPLIFE-2473 (1)1000&#215;667&#8243; _builder_version=&#8221;4.27.4&#8243; _module_preset=&#8221;default&#8221; global_colors_info=&#8221;{}&#8221;][\/et_pb_image][\/et_pb_column][et_pb_column type=&#8221;1_3&#8243; _builder_version=&#8221;4.27.3&#8243; _module_preset=&#8221;default&#8221; global_colors_info=&#8221;{}&#8221;][et_pb_image src=&#8221;https:\/\/ebeltoftstrandcamping.dk\/wp-content\/uploads\/2025\/01\/ESC_CAMPLIFE-2223-11000&#215;667-1.jpg&#8221; title_text=&#8221;ESC_CAMPLIFE-2223 (1)1000&#215;667&#8243; _builder_version=&#8221;4.27.4&#8243; _module_preset=&#8221;default&#8221; global_colors_info=&#8221;{}&#8221;][\/et_pb_image][\/et_pb_column][\/et_pb_row][\/et_pb_section]<\/p>\n","protected":false},"excerpt":{"rendered":"<p>Camping with poolThere&#8217;s almost nothing better than jumping in the pool when the sun is high in the sky. You can cool off, take a swim or show off how far you can jump off the edge. That&#8217;s why the swimming pool is at the top of many vacationers&#8217; wish lists when it comes to [&hellip;]<\/p>\n","protected":false},"author":1,"featured_media":0,"parent":102602,"menu_order":0,"comment_status":"closed","ping_status":"closed","template":"","meta":{"_et_pb_use_builder":"on","_et_pb_old_content":"","_et_gb_content_width":"","footnotes":""},"folder":[],"class_list":["post-102487","page","type-page","status-publish","hentry"],"yoast_head":"<!-- This site is optimized with the Yoast SEO plugin v27.4 - https:\/\/yoast.com\/product\/yoast-seo-wordpress\/ -->\n<title>Heated pool at campsite in Jutland | Ebeltoft Strand Camping<\/title>\n<meta name=\"description\" content=\"Enjoy a dip in our heated swimming pool at Ebeltoft Strand Camping. Open from Whitsun to August - perfect for both children and adults on hot summer days.\" \/>\n<meta name=\"robots\" content=\"index, follow, max-snippet:-1, max-image-preview:large, max-video-preview:-1\" \/>\n<link rel=\"canonical\" href=\"https:\/\/ebeltoftstrandcamping.dk\/en\/the-square\/pool\/\" \/>\n<meta property=\"og:locale\" content=\"en_US\" \/>\n<meta property=\"og:type\" content=\"article\" \/>\n<meta property=\"og:title\" content=\"Heated pool at campsite in Jutland | Ebeltoft Strand Camping\" \/>\n<meta property=\"og:description\" content=\"Enjoy a dip in our heated swimming pool at Ebeltoft Strand Camping. Open from Whitsun to August - perfect for both children and adults on hot summer days.\" \/>\n<meta property=\"og:url\" content=\"https:\/\/ebeltoftstrandcamping.dk\/en\/the-square\/pool\/\" \/>\n<meta property=\"og:site_name\" content=\"Ebeltoft Strand Camping\" \/>\n<meta property=\"article:publisher\" content=\"https:\/\/www.facebook.com\/ebeltoftstrandcamping\" \/>\n<meta property=\"article:modified_time\" content=\"2025-05-12T12:10:31+00:00\" \/>\n<meta property=\"og:image\" content=\"https:\/\/ebeltoftstrandcamping.dk\/wp-content\/uploads\/2025\/01\/Ebeltoft-360-px-high.png\" \/>\n\t<meta property=\"og:image:width\" content=\"1285\" \/>\n\t<meta property=\"og:image:height\" content=\"360\" \/>\n\t<meta property=\"og:image:type\" content=\"image\/png\" \/>\n<meta name=\"twitter:card\" content=\"summary_large_image\" \/>\n<meta name=\"twitter:label1\" content=\"Est. reading time\" \/>\n\t<meta name=\"twitter:data1\" content=\"10 minutes\" \/>\n<script type=\"application\/ld+json\" class=\"yoast-schema-graph\">{\"@context\":\"https:\\\/\\\/schema.org\",\"@graph\":[{\"@type\":\"WebPage\",\"@id\":\"https:\\\/\\\/ebeltoftstrandcamping.dk\\\/en\\\/the-square\\\/pool\\\/\",\"url\":\"https:\\\/\\\/ebeltoftstrandcamping.dk\\\/en\\\/the-square\\\/pool\\\/\",\"name\":\"Heated pool at campsite in Jutland | Ebeltoft Strand Camping\",\"isPartOf\":{\"@id\":\"https:\\\/\\\/ebeltoftstrandcamping.dk\\\/en\\\/#website\"},\"datePublished\":\"2024-11-17T13:31:47+00:00\",\"dateModified\":\"2025-05-12T12:10:31+00:00\",\"description\":\"Enjoy a dip in our heated swimming pool at Ebeltoft Strand Camping. Open from Whitsun to August - perfect for both children and adults on hot summer days.\",\"breadcrumb\":{\"@id\":\"https:\\\/\\\/ebeltoftstrandcamping.dk\\\/en\\\/the-square\\\/pool\\\/#breadcrumb\"},\"inLanguage\":\"en-US\",\"potentialAction\":[{\"@type\":\"ReadAction\",\"target\":[\"https:\\\/\\\/ebeltoftstrandcamping.dk\\\/en\\\/the-square\\\/pool\\\/\"]}]},{\"@type\":\"BreadcrumbList\",\"@id\":\"https:\\\/\\\/ebeltoftstrandcamping.dk\\\/en\\\/the-square\\\/pool\\\/#breadcrumb\",\"itemListElement\":[{\"@type\":\"ListItem\",\"position\":1,\"name\":\"Home\",\"item\":\"https:\\\/\\\/ebeltoftstrandcamping.dk\\\/en\\\/home\\\/\"},{\"@type\":\"ListItem\",\"position\":2,\"name\":\"The Campsite\",\"item\":\"https:\\\/\\\/ebeltoftstrandcamping.dk\\\/en\\\/the-square\\\/\"},{\"@type\":\"ListItem\",\"position\":3,\"name\":\"Pool\"}]},{\"@type\":\"WebSite\",\"@id\":\"https:\\\/\\\/ebeltoftstrandcamping.dk\\\/en\\\/#website\",\"url\":\"https:\\\/\\\/ebeltoftstrandcamping.dk\\\/en\\\/\",\"name\":\"Ebeltoft Strand Camping\",\"description\":\"Din n\u00e6ste campingferie\",\"publisher\":{\"@id\":\"https:\\\/\\\/ebeltoftstrandcamping.dk\\\/en\\\/#organization\"},\"potentialAction\":[{\"@type\":\"SearchAction\",\"target\":{\"@type\":\"EntryPoint\",\"urlTemplate\":\"https:\\\/\\\/ebeltoftstrandcamping.dk\\\/en\\\/?s={search_term_string}\"},\"query-input\":{\"@type\":\"PropertyValueSpecification\",\"valueRequired\":true,\"valueName\":\"search_term_string\"}}],\"inLanguage\":\"en-US\"},{\"@type\":\"Organization\",\"@id\":\"https:\\\/\\\/ebeltoftstrandcamping.dk\\\/en\\\/#organization\",\"name\":\"Ebeltoft Strand Camping\",\"url\":\"https:\\\/\\\/ebeltoftstrandcamping.dk\\\/en\\\/\",\"logo\":{\"@type\":\"ImageObject\",\"inLanguage\":\"en-US\",\"@id\":\"https:\\\/\\\/ebeltoftstrandcamping.dk\\\/en\\\/#\\\/schema\\\/logo\\\/image\\\/\",\"url\":\"https:\\\/\\\/ebeltoftstrandcamping.dk\\\/wp-content\\\/uploads\\\/2025\\\/01\\\/Ebeltoft-360-px-high.png\",\"contentUrl\":\"https:\\\/\\\/ebeltoftstrandcamping.dk\\\/wp-content\\\/uploads\\\/2025\\\/01\\\/Ebeltoft-360-px-high.png\",\"width\":1285,\"height\":360,\"caption\":\"Ebeltoft Strand Camping\"},\"image\":{\"@id\":\"https:\\\/\\\/ebeltoftstrandcamping.dk\\\/en\\\/#\\\/schema\\\/logo\\\/image\\\/\"},\"sameAs\":[\"https:\\\/\\\/www.facebook.com\\\/ebeltoftstrandcamping\",\"https:\\\/\\\/www.instagram.com\\\/ebeltoftstrandcamping\\\/\"]}]}<\/script>\n<!-- \/ Yoast SEO plugin. -->","yoast_head_json":{"title":"Heated pool at campsite in Jutland | Ebeltoft Strand Camping","description":"Enjoy a dip in our heated swimming pool at Ebeltoft Strand Camping. Open from Whitsun to August - perfect for both children and adults on hot summer days.","robots":{"index":"index","follow":"follow","max-snippet":"max-snippet:-1","max-image-preview":"max-image-preview:large","max-video-preview":"max-video-preview:-1"},"canonical":"https:\/\/ebeltoftstrandcamping.dk\/en\/the-square\/pool\/","og_locale":"en_US","og_type":"article","og_title":"Heated pool at campsite in Jutland | Ebeltoft Strand Camping","og_description":"Enjoy a dip in our heated swimming pool at Ebeltoft Strand Camping. Open from Whitsun to August - perfect for both children and adults on hot summer days.","og_url":"https:\/\/ebeltoftstrandcamping.dk\/en\/the-square\/pool\/","og_site_name":"Ebeltoft Strand Camping","article_publisher":"https:\/\/www.facebook.com\/ebeltoftstrandcamping","article_modified_time":"2025-05-12T12:10:31+00:00","og_image":[{"width":1285,"height":360,"url":"https:\/\/ebeltoftstrandcamping.dk\/wp-content\/uploads\/2025\/01\/Ebeltoft-360-px-high.png","type":"image\/png"}],"twitter_card":"summary_large_image","twitter_misc":{"Est. reading time":"10 minutes"},"schema":{"@context":"https:\/\/schema.org","@graph":[{"@type":"WebPage","@id":"https:\/\/ebeltoftstrandcamping.dk\/en\/the-square\/pool\/","url":"https:\/\/ebeltoftstrandcamping.dk\/en\/the-square\/pool\/","name":"Heated pool at campsite in Jutland | Ebeltoft Strand Camping","isPartOf":{"@id":"https:\/\/ebeltoftstrandcamping.dk\/en\/#website"},"datePublished":"2024-11-17T13:31:47+00:00","dateModified":"2025-05-12T12:10:31+00:00","description":"Enjoy a dip in our heated swimming pool at Ebeltoft Strand Camping. Open from Whitsun to August - perfect for both children and adults on hot summer days.","breadcrumb":{"@id":"https:\/\/ebeltoftstrandcamping.dk\/en\/the-square\/pool\/#breadcrumb"},"inLanguage":"en-US","potentialAction":[{"@type":"ReadAction","target":["https:\/\/ebeltoftstrandcamping.dk\/en\/the-square\/pool\/"]}]},{"@type":"BreadcrumbList","@id":"https:\/\/ebeltoftstrandcamping.dk\/en\/the-square\/pool\/#breadcrumb","itemListElement":[{"@type":"ListItem","position":1,"name":"Home","item":"https:\/\/ebeltoftstrandcamping.dk\/en\/home\/"},{"@type":"ListItem","position":2,"name":"The Campsite","item":"https:\/\/ebeltoftstrandcamping.dk\/en\/the-square\/"},{"@type":"ListItem","position":3,"name":"Pool"}]},{"@type":"WebSite","@id":"https:\/\/ebeltoftstrandcamping.dk\/en\/#website","url":"https:\/\/ebeltoftstrandcamping.dk\/en\/","name":"Ebeltoft Strand Camping","description":"Din n\u00e6ste campingferie","publisher":{"@id":"https:\/\/ebeltoftstrandcamping.dk\/en\/#organization"},"potentialAction":[{"@type":"SearchAction","target":{"@type":"EntryPoint","urlTemplate":"https:\/\/ebeltoftstrandcamping.dk\/en\/?s={search_term_string}"},"query-input":{"@type":"PropertyValueSpecification","valueRequired":true,"valueName":"search_term_string"}}],"inLanguage":"en-US"},{"@type":"Organization","@id":"https:\/\/ebeltoftstrandcamping.dk\/en\/#organization","name":"Ebeltoft Strand Camping","url":"https:\/\/ebeltoftstrandcamping.dk\/en\/","logo":{"@type":"ImageObject","inLanguage":"en-US","@id":"https:\/\/ebeltoftstrandcamping.dk\/en\/#\/schema\/logo\/image\/","url":"https:\/\/ebeltoftstrandcamping.dk\/wp-content\/uploads\/2025\/01\/Ebeltoft-360-px-high.png","contentUrl":"https:\/\/ebeltoftstrandcamping.dk\/wp-content\/uploads\/2025\/01\/Ebeltoft-360-px-high.png","width":1285,"height":360,"caption":"Ebeltoft Strand Camping"},"image":{"@id":"https:\/\/ebeltoftstrandcamping.dk\/en\/#\/schema\/logo\/image\/"},"sameAs":["https:\/\/www.facebook.com\/ebeltoftstrandcamping","https:\/\/www.instagram.com\/ebeltoftstrandcamping\/"]}]}},"_links":{"self":[{"href":"https:\/\/ebeltoftstrandcamping.dk\/en\/wp-json\/wp\/v2\/pages\/102487","targetHints":{"allow":["GET"]}}],"collection":[{"href":"https:\/\/ebeltoftstrandcamping.dk\/en\/wp-json\/wp\/v2\/pages"}],"about":[{"href":"https:\/\/ebeltoftstrandcamping.dk\/en\/wp-json\/wp\/v2\/types\/page"}],"author":[{"embeddable":true,"href":"https:\/\/ebeltoftstrandcamping.dk\/en\/wp-json\/wp\/v2\/users\/1"}],"replies":[{"embeddable":true,"href":"https:\/\/ebeltoftstrandcamping.dk\/en\/wp-json\/wp\/v2\/comments?post=102487"}],"version-history":[{"count":5,"href":"https:\/\/ebeltoftstrandcamping.dk\/en\/wp-json\/wp\/v2\/pages\/102487\/revisions"}],"predecessor-version":[{"id":103829,"href":"https:\/\/ebeltoftstrandcamping.dk\/en\/wp-json\/wp\/v2\/pages\/102487\/revisions\/103829"}],"up":[{"embeddable":true,"href":"https:\/\/ebeltoftstrandcamping.dk\/en\/wp-json\/wp\/v2\/pages\/102602"}],"wp:attachment":[{"href":"https:\/\/ebeltoftstrandcamping.dk\/en\/wp-json\/wp\/v2\/media?parent=102487"}],"wp:term":[{"taxonomy":"folder","embeddable":true,"href":"https:\/\/ebeltoftstrandcamping.dk\/en\/wp-json\/wp\/v2\/folder?post=102487"}],"curies":[{"name":"wp","href":"https:\/\/api.w.org\/{rel}","templated":true}]}}