{"id":102442,"date":"2024-11-17T14:33:24","date_gmt":"2024-11-17T13:33:24","guid":{"rendered":"https:\/\/ebeltoftstrandcamping.dk\/senioren-camping\/"},"modified":"2025-12-15T13:10:21","modified_gmt":"2025-12-15T12:10:21","slug":"senioren-camping","status":"publish","type":"page","link":"https:\/\/ebeltoftstrandcamping.dk\/de\/besondere-angebote\/senioren-camping\/","title":{"rendered":"Senioren-Camping"},"content":{"rendered":"<p>[et_pb_section fb_built=&#8220;1&#8243; _builder_version=&#8220;4.27.4&#8243; _module_preset=&#8220;default&#8220; use_background_color_gradient=&#8220;on&#8220; background_color_gradient_direction=&#8220;45deg&#8220; background_color_gradient_stops=&#8220;rgba(0,0,0,0.6) 0%|rgba(0,0,0,0.6) 100%&#8220; background_color_gradient_overlays_image=&#8220;on&#8220; background_image=&#8220;https:\/\/ebeltoftstrandcamping.dk\/wp-content\/uploads\/2025\/01\/DSC02563-11920&#215;840-1.jpg&#8220; height=&#8220;400px&#8220; height_tablet=&#8220;350px&#8220; height_phone=&#8220;350px&#8220; height_last_edited=&#8220;on|phone&#8220; global_colors_info=&#8220;{}&#8220;][et_pb_row _builder_version=&#8220;4.17.3&#8243; _module_preset=&#8220;default&#8220; custom_padding=&#8220;||0px||false|false&#8220; global_colors_info=&#8220;{}&#8220;][et_pb_column type=&#8220;4_4&#8243; _builder_version=&#8220;4.17.3&#8243; _module_preset=&#8220;default&#8220; global_colors_info=&#8220;{}&#8220;][et_pb_text _builder_version=&#8220;4.27.3&#8243; _module_preset=&#8220;default&#8220; header_font=&#8220;||||||||&#8220; header_text_color=&#8220;#FFFFFF&#8220; header_2_text_color=&#8220;#FFFFFF&#8220; custom_margin=&#8220;||0px||false|false&#8220; global_colors_info=&#8220;{}&#8220;]<\/p>\n<h1>Camping f\u00fcr Senioren<\/h1>\n<p>[\/et_pb_text][\/et_pb_column][\/et_pb_row][et_pb_row _builder_version=&#8220;4.17.3&#8243; _module_preset=&#8220;default&#8220; custom_padding=&#8220;0px||||false|false&#8220; global_colors_info=&#8220;{}&#8220;][et_pb_column type=&#8220;4_4&#8243; _builder_version=&#8220;4.17.3&#8243; _module_preset=&#8220;default&#8220; global_colors_info=&#8220;{}&#8220;][et_pb_divider color=&#8220;gcid-7ce7b00a-a0f7-4559-8af2-0adef5afd391&#8243; _builder_version=&#8220;4.17.3&#8243; _module_preset=&#8220;default&#8220; height=&#8220;0px&#8220; custom_margin=&#8220;||0px||false|false&#8220; custom_padding=&#8220;||||false|false&#8220; global_colors_info=&#8220;{%22gcid-7ce7b00a-a0f7-4559-8af2-0adef5afd391%22:%91%22border_color_right%22,%22color%22%93}&#8220;][\/et_pb_divider][et_pb_divider show_divider=&#8220;off&#8220; admin_label=&#8220;Point right bottom&#8220; module_class=&#8220;dot-right-bottom sub-page-dot&#8220; _builder_version=&#8220;4.17.3&#8243; _module_preset=&#8220;default&#8220; height=&#8220;25px&#8220; border_width_right=&#8220;1px&#8220; border_color_right=&#8220;gcid-7ce7b00a-a0f7-4559-8af2-0adef5afd391&#8243; global_colors_info=&#8220;{%22gcid-7ce7b00a-a0f7-4559-8af2-0adef5afd391%22:%91%22border_color_right%22%93}&#8220;][\/et_pb_divider][\/et_pb_column][\/et_pb_row][\/et_pb_section][et_pb_section fb_built=&#8220;1&#8243; _builder_version=&#8220;4.17.3&#8243; _module_preset=&#8220;default&#8220; custom_margin=&#8220;||0px||false|false&#8220; border_color_all=&#8220;gcid-7ce7b00a-a0f7-4559-8af2-0adef5afd391&#8243; global_colors_info=&#8220;{%22gcid-7ce7b00a-a0f7-4559-8af2-0adef5afd391%22:%91%22border_color_all%22%93}&#8220;][et_pb_row column_structure=&#8220;1_2,1_2&#8243; _builder_version=&#8220;4.17.3&#8243; _module_preset=&#8220;default&#8220; custom_padding=&#8220;50px||35px||false|false&#8220; global_colors_info=&#8220;{}&#8220;][et_pb_column type=&#8220;1_2&#8243; _builder_version=&#8220;4.17.3&#8243; _module_preset=&#8220;default&#8220; custom_padding=&#8220;25px||||false|false&#8220; global_colors_info=&#8220;{}&#8220;][et_pb_text _builder_version=&#8220;4.27.3&#8243; _module_preset=&#8220;default&#8220; global_colors_info=&#8220;{}&#8220;]<\/p>\n<h2>Seniorencamping in der Natur<\/h2>\n<p>[\/et_pb_text][et_pb_text _builder_version=&#8220;4.27.4&#8243; _module_preset=&#8220;default&#8220; text_font=&#8220;||||||||&#8220; text_line_height=&#8220;1.8em&#8220; global_colors_info=&#8220;{}&#8220;]<\/p>\n<p>Der Campingplatz Ebeltoft Strand ist der perfekte Ort f\u00fcr Senioren, die ein ruhiges Campingerlebnis genie\u00dfen m\u00f6chten. Der Campingplatz befindet sich auf Djursland, einer sch\u00f6nen Halbinsel in D\u00e4nemark. Es gibt viele Aktivit\u00e4ten f\u00fcr alle Altersgruppen, darunter Wandern, Radfahren und Angeln.  <\/p>\n<p>Mit seiner idyllischen Umgebung und den vielen Einrichtungen ist der Campingplatz Ebeltoft Strand der ideale Ort f\u00fcr Senioren, um einen Campingurlaub zu genie\u00dfen.<\/p>\n<p>Ob Sie am Strand von Ebeltoft spazieren gehen oder die Aussicht von der Spitze des Schlosses Kal\u00f8 genie\u00dfen, Djursland wird Sie begeistern. In Ebeltoft gibt es zahlreiche Restaurants und Caf\u00e9s mit traditioneller d\u00e4nischer K\u00fcche, so dass Sie nicht weit gehen m\u00fcssen, um einen Happen zu essen. <\/p>\n<p>Kommen Sie also und erleben Sie alles, was Djursland zu bieten hat. Sie werden nicht entt\u00e4uscht sein. <\/p>\n<p>[\/et_pb_text][\/et_pb_column][et_pb_column type=&#8220;1_2&#8243; _builder_version=&#8220;4.17.3&#8243; _module_preset=&#8220;default&#8220; global_colors_info=&#8220;{}&#8220;][et_pb_image src=&#8220;https:\/\/ebeltoftstrandcamping.dk\/wp-content\/uploads\/2025\/01\/DSC02628-1900&#215;600-1.jpg&#8220; title_text=&#8220;DSC02628 (1)900&#215;600&#8243; _builder_version=&#8220;4.27.4&#8243; _module_preset=&#8220;default&#8220; animation_style=&#8220;slide&#8220; animation_direction=&#8220;right&#8220; animation_duration=&#8220;1500ms&#8220; animation_delay=&#8220;100ms&#8220; animation_intensity_slide=&#8220;5%&#8220; global_colors_info=&#8220;{}&#8220;][\/et_pb_image][\/et_pb_column][\/et_pb_row][\/et_pb_section][et_pb_section fb_built=&#8220;1&#8243; _builder_version=&#8220;4.27.3&#8243; _module_preset=&#8220;default&#8220; background_color=&#8220;gcid-d70a5a6a-d90d-43f0-b48d-3d8f33a6130e&#8220; global_colors_info=&#8220;{%22gcid-d70a5a6a-d90d-43f0-b48d-3d8f33a6130e%22:%91%22background_color%22%93}&#8220;][et_pb_row column_structure=&#8220;1_2,1_2&#8243; _builder_version=&#8220;4.27.3&#8243; _module_preset=&#8220;default&#8220; global_colors_info=&#8220;{}&#8220;][et_pb_column type=&#8220;1_2&#8243; _builder_version=&#8220;4.27.3&#8243; _module_preset=&#8220;default&#8220; global_colors_info=&#8220;{}&#8220;][et_pb_image src=&#8220;https:\/\/ebeltoftstrandcamping.dk\/wp-content\/uploads\/2025\/01\/ESC_CAMPLIFE-2325-1900&#215;600-1.jpg&#8220; title_text=&#8220;ESC_CAMPLIFE-2325 (1)900&#215;600&#8243; disabled_on=&#8220;on|on|off&#8220; _builder_version=&#8220;4.27.4&#8243; _module_preset=&#8220;default&#8220; global_colors_info=&#8220;{}&#8220;][\/et_pb_image][\/et_pb_column][et_pb_column type=&#8220;1_2&#8243; _builder_version=&#8220;4.27.3&#8243; _module_preset=&#8220;default&#8220; global_colors_info=&#8220;{}&#8220;][et_pb_heading title=&#8220;W\u00e4hlen Sie zwischen H\u00fctten und Camping&#8220; _builder_version=&#8220;4.27.3&#8243; _module_preset=&#8220;default&#8220; title_level=&#8220;h4&#8243; title_text_align=&#8220;left&#8220; global_colors_info=&#8220;{}&#8220;][\/et_pb_heading][et_pb_text _builder_version=&#8220;4.27.4&#8243; _module_preset=&#8220;default&#8220; hover_enabled=&#8220;0&#8243; global_colors_info=&#8220;{}&#8220; sticky_enabled=&#8220;0&#8243;]<\/p>\n<p>Ebeltoft Strandcamping bietet eine Vielzahl von Unterkunftsm\u00f6glichkeiten f\u00fcr Senioren, darunter H\u00fctten, Wohnwagen und Wohnmobile. Jede Option hat ihre eigenen einzigartigen Vorteile, die sie ideal f\u00fcr Senioren machen. Wenn Sie mit Ihrem eigenen Wohnwagen f\u00fcr min. 3 N\u00e4chte kommen und einen Standardstellplatz w\u00e4hlen, kostet das nur \u20ac255 pro Nacht f\u00fcr 2 Personen + Ihren Stromverbrauch.   <\/p>\n<p>Alle Senior-Angebote setzen voraus, dass Sie einen Standardstellplatz w\u00e4hlen und dass es sich um die Nebensaison und nicht um die Kr. Himmelfahrt und Pfingsten. Wenn Sie einen Strandplatz w\u00fcnschen, zahlen Sie einfach den normalen Strandplatzzuschlag zu Ihrem Seniorenpreis.  <\/p>\n<p>H\u00fctten sind auch eine beliebte Wahl f\u00fcr Senioren auf Ebeltoft Strandcamping. Sie bieten einen privaten und komfortablen Ort zum Entspannen mit allen Annehmlichkeiten von zu Hause. <\/p>\n<p>Au\u00dferdem befinden sich die H\u00fctten in der Regel in der N\u00e4he von Campingpl\u00e4tzen und Aktivit\u00e4ten, was sie f\u00fcr Senioren, die aktiv bleiben m\u00f6chten, sehr praktisch macht.<\/p>\n<p><a href=\"https:\/\/ebeltoftstrandcamping.dk\/de\/huetten\/\">Lesen Sie hier mehr \u00fcber unsere H\u00fctten<\/a><\/p>\n<p>[\/et_pb_text][\/et_pb_column][\/et_pb_row][et_pb_row column_structure=&#8220;1_2,1_2&#8243; _builder_version=&#8220;4.27.3&#8243; _module_preset=&#8220;default&#8220; global_colors_info=&#8220;{}&#8220;][et_pb_column type=&#8220;1_2&#8243; _builder_version=&#8220;4.27.3&#8243; _module_preset=&#8220;default&#8220; global_colors_info=&#8220;{}&#8220;][et_pb_heading title=&#8220;Attraktionen in der N\u00e4he des Platzes&#8220; _builder_version=&#8220;4.27.3&#8243; _module_preset=&#8220;default&#8220; title_level=&#8220;h4&#8243; global_colors_info=&#8220;{}&#8220;][\/et_pb_heading][et_pb_text _builder_version=&#8220;4.27.3&#8243; _module_preset=&#8220;default&#8220; global_colors_info=&#8220;{}&#8220;]<\/p>\n<p>Der Campingplatz liegt zentral im s\u00fcdlichen Djursland, in der N\u00e4he der Stadt Ebeltoft und in der N\u00e4he der \u00fcbrigen Museen und Attraktionen von Djursland.<\/p>\n<p>Die Stadt Ebeltoft ist voller charmanter alter Geb\u00e4ude und Schiffe, und die nahe gelegene Fregatte Jylland bietet einen einzigartigen Einblick in die d\u00e4nische Seefahrtsgeschichte. Die Altstadt beherbergt auch eine Vielzahl von Gesch\u00e4ften und Restaurants und ist damit der perfekte Ort f\u00fcr einen entspannten Tag auf Entdeckungstour. <\/p>\n<p>F\u00fcr diejenigen, die etwas aktiver sein m\u00f6chten, gibt es in der Umgebung zahlreiche Wander- und Radwege. Und nat\u00fcrlich w\u00e4re kein Besuch in Ebeltoft vollst\u00e4ndig ohne ein Bad im erfrischenden Wasser der Ebeltoft Vig. <\/p>\n<p>Egal, ob Sie einen ruhigen Aufenthalt oder eine Gelegenheit zum Entdecken suchen, Ebeltoft Strandcamping hat f\u00fcr jeden etwas zu bieten.<\/p>\n<p>[\/et_pb_text][\/et_pb_column][et_pb_column type=&#8220;1_2&#8243; _builder_version=&#8220;4.27.3&#8243; _module_preset=&#8220;default&#8220; global_colors_info=&#8220;{}&#8220;][et_pb_image src=&#8220;https:\/\/ebeltoftstrandcamping.dk\/wp-content\/uploads\/2025\/01\/ESC_CAMPLIFE-2293-2-900&#215;600-1.jpg&#8220; title_text=&#8220;ESC_CAMPLIFE-2293 (2) 900&#215;600&#8243; _builder_version=&#8220;4.27.4&#8243; _module_preset=&#8220;default&#8220; locked=&#8220;off&#8220; global_colors_info=&#8220;{}&#8220;][\/et_pb_image][\/et_pb_column][\/et_pb_row][\/et_pb_section][et_pb_section fb_built=&#8220;1&#8243; disabled_on=&#8220;on|on|on&#8220; _builder_version=&#8220;4.27.4&#8243; _module_preset=&#8220;default&#8220; disabled=&#8220;on&#8220; global_colors_info=&#8220;{}&#8220;][et_pb_row _builder_version=&#8220;4.27.3&#8243; _module_preset=&#8220;default&#8220; global_colors_info=&#8220;{}&#8220;][et_pb_column type=&#8220;4_4&#8243; _builder_version=&#8220;4.27.3&#8243; _module_preset=&#8220;default&#8220; global_colors_info=&#8220;{}&#8220;][et_pb_heading title=&#8220;Lesen Sie mehr \u00fcber die Sehensw\u00fcrdigkeiten in der N\u00e4he des Platzes&#8220; _builder_version=&#8220;4.27.3&#8243; _module_preset=&#8220;default&#8220; title_level=&#8220;h4&#8243; title_text_align=&#8220;left&#8220; global_colors_info=&#8220;{}&#8220;][\/et_pb_heading][\/et_pb_column][\/et_pb_row][\/et_pb_section]<\/p>\n","protected":false},"excerpt":{"rendered":"<p>Camping f\u00fcr SeniorenSeniorencamping in der NaturDer Campingplatz Ebeltoft Strand ist der perfekte Ort f\u00fcr Senioren, die ein ruhiges Campingerlebnis genie\u00dfen m\u00f6chten. Der Campingplatz befindet sich auf Djursland, einer sch\u00f6nen Halbinsel in D\u00e4nemark. Es gibt viele Aktivit\u00e4ten f\u00fcr alle Altersgruppen, darunter Wandern, Radfahren und Angeln. Mit seiner idyllischen Umgebung und den vielen Einrichtungen ist der Campingplatz [&hellip;]<\/p>\n","protected":false},"author":1,"featured_media":0,"parent":102462,"menu_order":0,"comment_status":"closed","ping_status":"closed","template":"","meta":{"_et_pb_use_builder":"on","_et_pb_old_content":"","_et_gb_content_width":"","footnotes":""},"folder":[],"class_list":["post-102442","page","type-page","status-publish","hentry"],"yoast_head":"<!-- This site is optimized with the Yoast SEO plugin v27.4 - https:\/\/yoast.com\/product\/yoast-seo-wordpress\/ -->\n<title>Seniorencamping in J\u00fctland | Angebote f\u00fcr 60+ auf Ebeltoft Strand Camping<\/title>\n<meta name=\"description\" content=\"Genie\u00dfen Sie die Ruhe und den Frieden mit einem Senioren-Campingangebot in J\u00fctland. Auf Ebeltoft Strand Camping erhalten Sie g\u00fcnstige Preise, sch\u00f6ne Natur und gro\u00dfen Komfort - perfekt f\u00fcr Menschen \u00fcber 60.\" \/>\n<meta name=\"robots\" content=\"index, follow, max-snippet:-1, max-image-preview:large, max-video-preview:-1\" \/>\n<link rel=\"canonical\" href=\"https:\/\/ebeltoftstrandcamping.dk\/de\/besondere-angebote\/senioren-camping\/\" \/>\n<meta property=\"og:locale\" content=\"de_DE\" \/>\n<meta property=\"og:type\" content=\"article\" \/>\n<meta property=\"og:title\" content=\"Seniorencamping in J\u00fctland | Angebote f\u00fcr 60+ auf Ebeltoft Strand Camping\" \/>\n<meta property=\"og:description\" content=\"Genie\u00dfen Sie die Ruhe und den Frieden mit einem Senioren-Campingangebot in J\u00fctland. Auf Ebeltoft Strand Camping erhalten Sie g\u00fcnstige Preise, sch\u00f6ne Natur und gro\u00dfen Komfort - perfekt f\u00fcr Menschen \u00fcber 60.\" \/>\n<meta property=\"og:url\" content=\"https:\/\/ebeltoftstrandcamping.dk\/de\/besondere-angebote\/senioren-camping\/\" \/>\n<meta property=\"og:site_name\" content=\"Ebeltoft Strand Camping\" \/>\n<meta property=\"article:publisher\" content=\"https:\/\/www.facebook.com\/ebeltoftstrandcamping\" \/>\n<meta property=\"article:modified_time\" content=\"2025-12-15T12:10:21+00:00\" \/>\n<meta property=\"og:image\" content=\"https:\/\/ebeltoftstrandcamping.dk\/wp-content\/uploads\/2025\/01\/Ebeltoft-360-px-high.png\" \/>\n\t<meta property=\"og:image:width\" content=\"1285\" \/>\n\t<meta property=\"og:image:height\" content=\"360\" \/>\n\t<meta property=\"og:image:type\" content=\"image\/png\" \/>\n<meta name=\"twitter:card\" content=\"summary_large_image\" \/>\n<meta name=\"twitter:label1\" content=\"Gesch\u00e4tzte Lesezeit\" \/>\n\t<meta name=\"twitter:data1\" content=\"6\u00a0Minuten\" \/>\n<script type=\"application\/ld+json\" class=\"yoast-schema-graph\">{\"@context\":\"https:\\\/\\\/schema.org\",\"@graph\":[{\"@type\":\"WebPage\",\"@id\":\"https:\\\/\\\/ebeltoftstrandcamping.dk\\\/de\\\/besondere-angebote\\\/senioren-camping\\\/\",\"url\":\"https:\\\/\\\/ebeltoftstrandcamping.dk\\\/de\\\/besondere-angebote\\\/senioren-camping\\\/\",\"name\":\"Seniorencamping in J\u00fctland | Angebote f\u00fcr 60+ auf Ebeltoft Strand Camping\",\"isPartOf\":{\"@id\":\"https:\\\/\\\/ebeltoftstrandcamping.dk\\\/de\\\/#website\"},\"datePublished\":\"2024-11-17T13:33:24+00:00\",\"dateModified\":\"2025-12-15T12:10:21+00:00\",\"description\":\"Genie\u00dfen Sie die Ruhe und den Frieden mit einem Senioren-Campingangebot in J\u00fctland. Auf Ebeltoft Strand Camping erhalten Sie g\u00fcnstige Preise, sch\u00f6ne Natur und gro\u00dfen Komfort - perfekt f\u00fcr Menschen \u00fcber 60.\",\"breadcrumb\":{\"@id\":\"https:\\\/\\\/ebeltoftstrandcamping.dk\\\/de\\\/besondere-angebote\\\/senioren-camping\\\/#breadcrumb\"},\"inLanguage\":\"de\",\"potentialAction\":[{\"@type\":\"ReadAction\",\"target\":[\"https:\\\/\\\/ebeltoftstrandcamping.dk\\\/de\\\/besondere-angebote\\\/senioren-camping\\\/\"]}]},{\"@type\":\"BreadcrumbList\",\"@id\":\"https:\\\/\\\/ebeltoftstrandcamping.dk\\\/de\\\/besondere-angebote\\\/senioren-camping\\\/#breadcrumb\",\"itemListElement\":[{\"@type\":\"ListItem\",\"position\":1,\"name\":\"Home\",\"item\":\"https:\\\/\\\/ebeltoftstrandcamping.dk\\\/de\\\/startseite\\\/\"},{\"@type\":\"ListItem\",\"position\":2,\"name\":\"Besondere Angebote\",\"item\":\"https:\\\/\\\/ebeltoftstrandcamping.dk\\\/de\\\/besondere-angebote\\\/\"},{\"@type\":\"ListItem\",\"position\":3,\"name\":\"Senioren-Camping\"}]},{\"@type\":\"WebSite\",\"@id\":\"https:\\\/\\\/ebeltoftstrandcamping.dk\\\/de\\\/#website\",\"url\":\"https:\\\/\\\/ebeltoftstrandcamping.dk\\\/de\\\/\",\"name\":\"Ebeltoft Strand Camping\",\"description\":\"Din n\u00e6ste campingferie\",\"publisher\":{\"@id\":\"https:\\\/\\\/ebeltoftstrandcamping.dk\\\/de\\\/#organization\"},\"potentialAction\":[{\"@type\":\"SearchAction\",\"target\":{\"@type\":\"EntryPoint\",\"urlTemplate\":\"https:\\\/\\\/ebeltoftstrandcamping.dk\\\/de\\\/?s={search_term_string}\"},\"query-input\":{\"@type\":\"PropertyValueSpecification\",\"valueRequired\":true,\"valueName\":\"search_term_string\"}}],\"inLanguage\":\"de\"},{\"@type\":\"Organization\",\"@id\":\"https:\\\/\\\/ebeltoftstrandcamping.dk\\\/de\\\/#organization\",\"name\":\"Ebeltoft Strand Camping\",\"url\":\"https:\\\/\\\/ebeltoftstrandcamping.dk\\\/de\\\/\",\"logo\":{\"@type\":\"ImageObject\",\"inLanguage\":\"de\",\"@id\":\"https:\\\/\\\/ebeltoftstrandcamping.dk\\\/de\\\/#\\\/schema\\\/logo\\\/image\\\/\",\"url\":\"https:\\\/\\\/ebeltoftstrandcamping.dk\\\/wp-content\\\/uploads\\\/2025\\\/01\\\/Ebeltoft-360-px-high.png\",\"contentUrl\":\"https:\\\/\\\/ebeltoftstrandcamping.dk\\\/wp-content\\\/uploads\\\/2025\\\/01\\\/Ebeltoft-360-px-high.png\",\"width\":1285,\"height\":360,\"caption\":\"Ebeltoft Strand Camping\"},\"image\":{\"@id\":\"https:\\\/\\\/ebeltoftstrandcamping.dk\\\/de\\\/#\\\/schema\\\/logo\\\/image\\\/\"},\"sameAs\":[\"https:\\\/\\\/www.facebook.com\\\/ebeltoftstrandcamping\",\"https:\\\/\\\/www.instagram.com\\\/ebeltoftstrandcamping\\\/\"]}]}<\/script>\n<!-- \/ Yoast SEO plugin. -->","yoast_head_json":{"title":"Seniorencamping in J\u00fctland | Angebote f\u00fcr 60+ auf Ebeltoft Strand Camping","description":"Genie\u00dfen Sie die Ruhe und den Frieden mit einem Senioren-Campingangebot in J\u00fctland. Auf Ebeltoft Strand Camping erhalten Sie g\u00fcnstige Preise, sch\u00f6ne Natur und gro\u00dfen Komfort - perfekt f\u00fcr Menschen \u00fcber 60.","robots":{"index":"index","follow":"follow","max-snippet":"max-snippet:-1","max-image-preview":"max-image-preview:large","max-video-preview":"max-video-preview:-1"},"canonical":"https:\/\/ebeltoftstrandcamping.dk\/de\/besondere-angebote\/senioren-camping\/","og_locale":"de_DE","og_type":"article","og_title":"Seniorencamping in J\u00fctland | Angebote f\u00fcr 60+ auf Ebeltoft Strand Camping","og_description":"Genie\u00dfen Sie die Ruhe und den Frieden mit einem Senioren-Campingangebot in J\u00fctland. Auf Ebeltoft Strand Camping erhalten Sie g\u00fcnstige Preise, sch\u00f6ne Natur und gro\u00dfen Komfort - perfekt f\u00fcr Menschen \u00fcber 60.","og_url":"https:\/\/ebeltoftstrandcamping.dk\/de\/besondere-angebote\/senioren-camping\/","og_site_name":"Ebeltoft Strand Camping","article_publisher":"https:\/\/www.facebook.com\/ebeltoftstrandcamping","article_modified_time":"2025-12-15T12:10:21+00:00","og_image":[{"width":1285,"height":360,"url":"https:\/\/ebeltoftstrandcamping.dk\/wp-content\/uploads\/2025\/01\/Ebeltoft-360-px-high.png","type":"image\/png"}],"twitter_card":"summary_large_image","twitter_misc":{"Gesch\u00e4tzte Lesezeit":"6\u00a0Minuten"},"schema":{"@context":"https:\/\/schema.org","@graph":[{"@type":"WebPage","@id":"https:\/\/ebeltoftstrandcamping.dk\/de\/besondere-angebote\/senioren-camping\/","url":"https:\/\/ebeltoftstrandcamping.dk\/de\/besondere-angebote\/senioren-camping\/","name":"Seniorencamping in J\u00fctland | Angebote f\u00fcr 60+ auf Ebeltoft Strand Camping","isPartOf":{"@id":"https:\/\/ebeltoftstrandcamping.dk\/de\/#website"},"datePublished":"2024-11-17T13:33:24+00:00","dateModified":"2025-12-15T12:10:21+00:00","description":"Genie\u00dfen Sie die Ruhe und den Frieden mit einem Senioren-Campingangebot in J\u00fctland. Auf Ebeltoft Strand Camping erhalten Sie g\u00fcnstige Preise, sch\u00f6ne Natur und gro\u00dfen Komfort - perfekt f\u00fcr Menschen \u00fcber 60.","breadcrumb":{"@id":"https:\/\/ebeltoftstrandcamping.dk\/de\/besondere-angebote\/senioren-camping\/#breadcrumb"},"inLanguage":"de","potentialAction":[{"@type":"ReadAction","target":["https:\/\/ebeltoftstrandcamping.dk\/de\/besondere-angebote\/senioren-camping\/"]}]},{"@type":"BreadcrumbList","@id":"https:\/\/ebeltoftstrandcamping.dk\/de\/besondere-angebote\/senioren-camping\/#breadcrumb","itemListElement":[{"@type":"ListItem","position":1,"name":"Home","item":"https:\/\/ebeltoftstrandcamping.dk\/de\/startseite\/"},{"@type":"ListItem","position":2,"name":"Besondere Angebote","item":"https:\/\/ebeltoftstrandcamping.dk\/de\/besondere-angebote\/"},{"@type":"ListItem","position":3,"name":"Senioren-Camping"}]},{"@type":"WebSite","@id":"https:\/\/ebeltoftstrandcamping.dk\/de\/#website","url":"https:\/\/ebeltoftstrandcamping.dk\/de\/","name":"Ebeltoft Strand Camping","description":"Din n\u00e6ste campingferie","publisher":{"@id":"https:\/\/ebeltoftstrandcamping.dk\/de\/#organization"},"potentialAction":[{"@type":"SearchAction","target":{"@type":"EntryPoint","urlTemplate":"https:\/\/ebeltoftstrandcamping.dk\/de\/?s={search_term_string}"},"query-input":{"@type":"PropertyValueSpecification","valueRequired":true,"valueName":"search_term_string"}}],"inLanguage":"de"},{"@type":"Organization","@id":"https:\/\/ebeltoftstrandcamping.dk\/de\/#organization","name":"Ebeltoft Strand Camping","url":"https:\/\/ebeltoftstrandcamping.dk\/de\/","logo":{"@type":"ImageObject","inLanguage":"de","@id":"https:\/\/ebeltoftstrandcamping.dk\/de\/#\/schema\/logo\/image\/","url":"https:\/\/ebeltoftstrandcamping.dk\/wp-content\/uploads\/2025\/01\/Ebeltoft-360-px-high.png","contentUrl":"https:\/\/ebeltoftstrandcamping.dk\/wp-content\/uploads\/2025\/01\/Ebeltoft-360-px-high.png","width":1285,"height":360,"caption":"Ebeltoft Strand Camping"},"image":{"@id":"https:\/\/ebeltoftstrandcamping.dk\/de\/#\/schema\/logo\/image\/"},"sameAs":["https:\/\/www.facebook.com\/ebeltoftstrandcamping","https:\/\/www.instagram.com\/ebeltoftstrandcamping\/"]}]}},"_links":{"self":[{"href":"https:\/\/ebeltoftstrandcamping.dk\/de\/wp-json\/wp\/v2\/pages\/102442","targetHints":{"allow":["GET"]}}],"collection":[{"href":"https:\/\/ebeltoftstrandcamping.dk\/de\/wp-json\/wp\/v2\/pages"}],"about":[{"href":"https:\/\/ebeltoftstrandcamping.dk\/de\/wp-json\/wp\/v2\/types\/page"}],"author":[{"embeddable":true,"href":"https:\/\/ebeltoftstrandcamping.dk\/de\/wp-json\/wp\/v2\/users\/1"}],"replies":[{"embeddable":true,"href":"https:\/\/ebeltoftstrandcamping.dk\/de\/wp-json\/wp\/v2\/comments?post=102442"}],"version-history":[{"count":7,"href":"https:\/\/ebeltoftstrandcamping.dk\/de\/wp-json\/wp\/v2\/pages\/102442\/revisions"}],"predecessor-version":[{"id":104356,"href":"https:\/\/ebeltoftstrandcamping.dk\/de\/wp-json\/wp\/v2\/pages\/102442\/revisions\/104356"}],"up":[{"embeddable":true,"href":"https:\/\/ebeltoftstrandcamping.dk\/de\/wp-json\/wp\/v2\/pages\/102462"}],"wp:attachment":[{"href":"https:\/\/ebeltoftstrandcamping.dk\/de\/wp-json\/wp\/v2\/media?parent=102442"}],"wp:term":[{"taxonomy":"folder","embeddable":true,"href":"https:\/\/ebeltoftstrandcamping.dk\/de\/wp-json\/wp\/v2\/folder?post=102442"}],"curies":[{"name":"wp","href":"https:\/\/api.w.org\/{rel}","templated":true}]}}