{"id":102375,"date":"2024-11-17T14:40:04","date_gmt":"2024-11-17T13:40:04","guid":{"rendered":"https:\/\/ebeltoftstrandcamping.dk\/camping-mit-kindern\/"},"modified":"2025-04-06T19:34:07","modified_gmt":"2025-04-06T18:34:07","slug":"camping-mit-kindern","status":"publish","type":"page","link":"https:\/\/ebeltoftstrandcamping.dk\/de\/camping-caravaning\/camping-mit-kindern\/","title":{"rendered":"Camping mit Kindern"},"content":{"rendered":"<p>[et_pb_section fb_built=&#8220;1&#8243; _builder_version=&#8220;4.27.4&#8243; _module_preset=&#8220;default&#8220; use_background_color_gradient=&#8220;on&#8220; background_color_gradient_direction=&#8220;45deg&#8220; background_color_gradient_stops=&#8220;rgba(0,0,0,0.6) 0%|rgba(0,0,0,0.6) 100%&#8220; background_color_gradient_overlays_image=&#8220;on&#8220; background_image=&#8220;https:\/\/ebeltoftstrandcamping.dk\/wp-content\/uploads\/2025\/01\/DSC02433-11920&#215;840-1.jpg&#8220; hover_enabled=&#8220;0&#8243; global_colors_info=&#8220;{}&#8220; height_last_edited=&#8220;on|phone&#8220; height=&#8220;400px&#8220; sticky_enabled=&#8220;0&#8243; height_tablet=&#8220;350px&#8220; height_phone=&#8220;350px&#8220;][et_pb_row _builder_version=&#8220;4.17.3&#8243; _module_preset=&#8220;default&#8220; custom_padding=&#8220;||0px||false|false&#8220; global_colors_info=&#8220;{}&#8220;][et_pb_column type=&#8220;4_4&#8243; _builder_version=&#8220;4.17.3&#8243; _module_preset=&#8220;default&#8220; global_colors_info=&#8220;{}&#8220;][et_pb_text _builder_version=&#8220;4.17.3&#8243; _module_preset=&#8220;default&#8220; header_font=&#8220;||||||||&#8220; header_text_color=&#8220;#FFFFFF&#8220; header_2_text_color=&#8220;#FFFFFF&#8220; custom_margin=&#8220;||0px||false|false&#8220; border_color_all=&#8220;gcid-7ce7b00a-a0f7-4559-8af2-0adef5afd391&#8243; global_colors_info=&#8220;{%22gcid-7ce7b00a-a0f7-4559-8af2-0adef5afd391%22:%91%22border_color_all%22%93}&#8220;]<\/p>\n<h1>Camping mit Kindern<\/h1>\n<p>[\/et_pb_text][\/et_pb_column][\/et_pb_row][et_pb_row _builder_version=&#8220;4.17.3&#8243; _module_preset=&#8220;default&#8220; custom_padding=&#8220;0px||||false|false&#8220; global_colors_info=&#8220;{}&#8220;][et_pb_column type=&#8220;4_4&#8243; _builder_version=&#8220;4.17.3&#8243; _module_preset=&#8220;default&#8220; global_colors_info=&#8220;{}&#8220;][et_pb_divider color=&#8220;gcid-7ce7b00a-a0f7-4559-8af2-0adef5afd391&#8243; _builder_version=&#8220;4.17.3&#8243; _module_preset=&#8220;default&#8220; height=&#8220;0px&#8220; custom_margin=&#8220;||0px||false|false&#8220; custom_padding=&#8220;||||false|false&#8220; global_colors_info=&#8220;{%22gcid-7ce7b00a-a0f7-4559-8af2-0adef5afd391%22:%91%22border_color_right%22,%22color%22%93}&#8220;][\/et_pb_divider][et_pb_divider show_divider=&#8220;off&#8220; admin_label=&#8220;Point right bottom&#8220; module_class=&#8220;dot-right-bottom sub-page-dot&#8220; _builder_version=&#8220;4.17.3&#8243; _module_preset=&#8220;default&#8220; height=&#8220;25px&#8220; border_width_right=&#8220;1px&#8220; border_color_right=&#8220;gcid-7ce7b00a-a0f7-4559-8af2-0adef5afd391&#8243; global_colors_info=&#8220;{%22gcid-7ce7b00a-a0f7-4559-8af2-0adef5afd391%22:%91%22border_color_right%22%93}&#8220;][\/et_pb_divider][\/et_pb_column][\/et_pb_row][\/et_pb_section][et_pb_section fb_built=&#8220;1&#8243; _builder_version=&#8220;4.27.3&#8243; _module_preset=&#8220;default&#8220; background_image=&#8220;https:\/\/ebeltoftstrandcamping.dk\/wp-content\/uploads\/2024\/10\/corner-dots-left-top.png&#8220; background_size=&#8220;initial&#8220; background_position=&#8220;top_left&#8220; background_last_edited=&#8220;on|tablet&#8220; background_enable_image_tablet=&#8220;off&#8220; global_colors_info=&#8220;{}&#8220;][et_pb_row column_structure=&#8220;1_2,1_2&#8243; _builder_version=&#8220;4.17.3&#8243; _module_preset=&#8220;default&#8220; custom_padding=&#8220;50px||35px||false|false&#8220; global_colors_info=&#8220;{}&#8220;][et_pb_column type=&#8220;1_2&#8243; _builder_version=&#8220;4.17.3&#8243; _module_preset=&#8220;default&#8220; custom_padding=&#8220;25px||||false|false&#8220; global_colors_info=&#8220;{}&#8220;][et_pb_text _builder_version=&#8220;4.27.3&#8243; _module_preset=&#8220;default&#8220; global_colors_info=&#8220;{}&#8220;]<\/p>\n<h2>Zelten mit Kindern oder Enkelkindern<\/h2>\n<p>[\/et_pb_text][et_pb_text _builder_version=&#8220;4.27.3&#8243; _module_preset=&#8220;default&#8220; text_font=&#8220;||||||||&#8220; text_line_height=&#8220;1.8em&#8220; global_colors_info=&#8220;{}&#8220;]<\/p>\n<p>Ebeltoft Strand Camping ist ein beliebter Campingplatz in der N\u00e4he der sch\u00f6nen Stadt Ebeltoft und des Strandes. Auf dem Campingplatz gibt es verschiedene Aktivit\u00e4ten, die f\u00fcr Kinder geeignet sind und Ihren Urlaub f\u00fcr sie unterhaltsam und lustig machen k\u00f6nnen. <\/p>\n<p>Der Campingplatz ist besonders kinderfreundlich, da er durch Z\u00e4une klar abgegrenzt ist und viel Platz zum Spielen und Entdecken bietet. Ebeltoft Strand Camping hat einen gro\u00dfen Spielplatz mit Schaukeln, einer Rutsche und einer H\u00fcpfburg, die Kinder lieben werden. <\/p>\n<p>[\/et_pb_text][\/et_pb_column][et_pb_column type=&#8220;1_2&#8243; _builder_version=&#8220;4.17.3&#8243; _module_preset=&#8220;default&#8220; global_colors_info=&#8220;{}&#8220;][et_pb_image src=&#8220;https:\/\/ebeltoftstrandcamping.dk\/wp-content\/uploads\/2025\/01\/ESC_CAMPLIFE-2383-900&#215;600-1.jpg&#8220; title_text=&#8220;ESC_CAMPLIFE-2383 900&#215;600&#8243; _builder_version=&#8220;4.27.4&#8243; _module_preset=&#8220;default&#8220; animation_style=&#8220;slide&#8220; animation_direction=&#8220;right&#8220; animation_duration=&#8220;1500ms&#8220; animation_delay=&#8220;100ms&#8220; animation_intensity_slide=&#8220;5%&#8220; global_colors_info=&#8220;{}&#8220;][\/et_pb_image][\/et_pb_column][\/et_pb_row][\/et_pb_section][et_pb_section fb_built=&#8220;1&#8243; _builder_version=&#8220;4.27.3&#8243; _module_preset=&#8220;default&#8220; global_colors_info=&#8220;{}&#8220;][et_pb_row column_structure=&#8220;1_2,1_2&#8243; _builder_version=&#8220;4.27.3&#8243; _module_preset=&#8220;default&#8220; global_colors_info=&#8220;{}&#8220;][et_pb_column type=&#8220;1_2&#8243; _builder_version=&#8220;4.27.3&#8243; _module_preset=&#8220;default&#8220; global_colors_info=&#8220;{}&#8220;][et_pb_image src=&#8220;https:\/\/ebeltoftstrandcamping.dk\/wp-content\/uploads\/2025\/01\/ESC_CAMPLIFE-2232-1900&#215;600-1.jpg&#8220; title_text=&#8220;ESC_CAMPLIFE-2232 (1)900&#215;600&#8243; disabled_on=&#8220;on|on|off&#8220; _builder_version=&#8220;4.27.4&#8243; _module_preset=&#8220;default&#8220; global_colors_info=&#8220;{}&#8220;][\/et_pb_image][\/et_pb_column][et_pb_column type=&#8220;1_2&#8243; _builder_version=&#8220;4.27.3&#8243; _module_preset=&#8220;default&#8220; global_colors_info=&#8220;{}&#8220;][et_pb_heading title=&#8220;Camping ist auch ein Urlaub f\u00fcr Eltern&#8220; _builder_version=&#8220;4.27.3&#8243; _module_preset=&#8220;default&#8220; title_level=&#8220;h4&#8243; title_text_align=&#8220;left&#8220; global_colors_info=&#8220;{}&#8220;][\/et_pb_heading][et_pb_text _builder_version=&#8220;4.27.3&#8243; _module_preset=&#8220;default&#8220; global_colors_info=&#8220;{}&#8220;]<\/p>\n<p>Ebeltoft Strand Camping ist ein gro\u00dfartiges Urlaubsziel f\u00fcr Familien, wo sowohl Kinder als auch Erwachsene ihren Urlaub auf ihre Weise genie\u00dfen k\u00f6nnen. Obwohl es verlockend sein kann, die Kinder die ganze Zeit im Auge zu behalten, k\u00f6nnen sich die Eltern auch entspannen und die sch\u00f6ne Aussicht auf Ebeltoft Vig genie\u00dfen, ein gutes Buch unter einem Sonnenschirm am Strand lesen oder ein Glas Wein vor dem Wohnwagen genie\u00dfen, w\u00e4hrend die Kinder mit ihren neuen Campingfreunden spielen oder an einer der vielen lustigen Aktivit\u00e4ten von Hyggetanten teilnehmen. <\/p>\n<p>Alles in allem ist Ebeltoft Strand Camping ein perfektes Reiseziel f\u00fcr Familien, wo sowohl Kinder als auch Erwachsene sich entspannen und ihren Urlaub auf ihre eigene Weise genie\u00dfen k\u00f6nnen. Lehnen Sie sich also zur\u00fcck, entspannen Sie sich und lassen Sie die Kinder den Campingplatz erkunden und mit den anderen Kindern spielen &#8211; schlie\u00dflich ist es auch ein Urlaub f\u00fcr Sie als Erwachsene. <\/p>\n<p>[\/et_pb_text][\/et_pb_column][\/et_pb_row][et_pb_row column_structure=&#8220;1_2,1_2&#8243; _builder_version=&#8220;4.27.3&#8243; _module_preset=&#8220;default&#8220; global_colors_info=&#8220;{}&#8220;][et_pb_column type=&#8220;1_2&#8243; _builder_version=&#8220;4.27.3&#8243; _module_preset=&#8220;default&#8220; global_colors_info=&#8220;{}&#8220;][et_pb_heading title=&#8220;Attraktionen in der N\u00e4he des Platzes&#8220; _builder_version=&#8220;4.27.3&#8243; _module_preset=&#8220;default&#8220; title_level=&#8220;h4&#8243; global_colors_info=&#8220;{}&#8220;][\/et_pb_heading][et_pb_text _builder_version=&#8220;4.27.3&#8243; _module_preset=&#8220;default&#8220; global_colors_info=&#8220;{}&#8220;]Wenn Sie auf dem Ebeltoft Strand Camping \u00fcbernachten, gibt es in der N\u00e4he mehrere spannende Attraktionen, die sich perfekt f\u00fcr einen Tagesausflug mit der Familie eignen. Hier sind drei Attraktionen, die Sie nicht verpassen sollten: <\/p>\n<p>&nbsp;<\/p>\n<ol>\n<li><strong>Djurs Sommerland:<\/strong> Djurs Sommerland ist einer der gr\u00f6\u00dften Freizeitparks D\u00e4nemarks und liegt nur eine kurze Autofahrt vom Ebeltoft Strand Camping entfernt. Der Park bietet eine breite Palette von Fahrgesch\u00e4ften f\u00fcr alle Altersgruppen, darunter Achterbahnen, einen Wasserpark und Spielbereiche f\u00fcr die Kleinen. <\/li>\n<p> <\/br><\/p>\n<li><strong>Ree Park:<\/strong> Der Ree Park ist ein sch\u00f6ner Tierpark in der Gegend von Ebeltoft. Der Park beherbergt eine Vielzahl von Tierarten aus der ganzen Welt, darunter L\u00f6wen, Tiger, Elefanten und Giraffen. <\/li>\n<p><\/br><\/p>\n<li><strong>Scandinavian Wildlife Park:<\/strong> Der Scandinavian Wildlife Park ist ein weiterer sch\u00f6ner Tierpark in der N\u00e4he von Ebeltoft Strand Camping. Der Park konzentriert sich auf die Pr\u00e4sentation der nordischen Tierarten und die Besucher k\u00f6nnen sowohl Raubtiere als auch Pflanzenfresser erleben, darunter B\u00e4ren, Elche und W\u00f6lfe. <\/li>\n<\/ol>\n<p>[\/et_pb_text][\/et_pb_column][et_pb_column type=&#8220;1_2&#8243; _builder_version=&#8220;4.27.3&#8243; _module_preset=&#8220;default&#8220; global_colors_info=&#8220;{}&#8220;][et_pb_image src=&#8220;https:\/\/ebeltoftstrandcamping.dk\/wp-content\/uploads\/2025\/01\/RodRaev_2-1900&#215;600-1.jpg&#8220; title_text=&#8220;RodRaev_2 (1)900&#215;600&#8243; _builder_version=&#8220;4.27.4&#8243; _module_preset=&#8220;default&#8220; locked=&#8220;off&#8220; global_colors_info=&#8220;{}&#8220;][\/et_pb_image][\/et_pb_column][\/et_pb_row][\/et_pb_section]<\/p>\n","protected":false},"excerpt":{"rendered":"<p>Camping mit KindernZelten mit Kindern oder EnkelkindernEbeltoft Strand Camping ist ein beliebter Campingplatz in der N\u00e4he der sch\u00f6nen Stadt Ebeltoft und des Strandes. Auf dem Campingplatz gibt es verschiedene Aktivit\u00e4ten, die f\u00fcr Kinder geeignet sind und Ihren Urlaub f\u00fcr sie unterhaltsam und lustig machen k\u00f6nnen. Der Campingplatz ist besonders kinderfreundlich, da er durch Z\u00e4une klar [&hellip;]<\/p>\n","protected":false},"author":1,"featured_media":0,"parent":102579,"menu_order":0,"comment_status":"closed","ping_status":"closed","template":"","meta":{"_et_pb_use_builder":"on","_et_pb_old_content":"","_et_gb_content_width":"","footnotes":""},"folder":[],"class_list":["post-102375","page","type-page","status-publish","hentry"],"yoast_head":"<!-- This site is optimized with the Yoast SEO plugin v27.4 - https:\/\/yoast.com\/product\/yoast-seo-wordpress\/ -->\n<title>Kinderfreundliches Camping in Ebeltoft | Urlaub f\u00fcr die ganze Familie<\/title>\n<meta name=\"description\" content=\"Erleben Sie kinderfreundliches Camping auf Ebeltoft Strand Camping - Spielplatz, Strand, Aktivit\u00e4ten und eine sichere Umgebung f\u00fcr Kinder jeden Alters. Schaffen Sie Erinnerungen mit der ganzen Familie\" \/>\n<meta name=\"robots\" content=\"index, follow, max-snippet:-1, max-image-preview:large, max-video-preview:-1\" \/>\n<link rel=\"canonical\" href=\"https:\/\/ebeltoftstrandcamping.dk\/de\/camping-caravaning\/camping-mit-kindern\/\" \/>\n<meta property=\"og:locale\" content=\"de_DE\" \/>\n<meta property=\"og:type\" content=\"article\" \/>\n<meta property=\"og:title\" content=\"Kinderfreundliches Camping in Ebeltoft | Urlaub f\u00fcr die ganze Familie\" \/>\n<meta property=\"og:description\" content=\"Erleben Sie kinderfreundliches Camping auf Ebeltoft Strand Camping - Spielplatz, Strand, Aktivit\u00e4ten und eine sichere Umgebung f\u00fcr Kinder jeden Alters. Schaffen Sie Erinnerungen mit der ganzen Familie\" \/>\n<meta property=\"og:url\" content=\"https:\/\/ebeltoftstrandcamping.dk\/de\/camping-caravaning\/camping-mit-kindern\/\" \/>\n<meta property=\"og:site_name\" content=\"Ebeltoft Strand Camping\" \/>\n<meta property=\"article:publisher\" content=\"https:\/\/www.facebook.com\/ebeltoftstrandcamping\" \/>\n<meta property=\"article:modified_time\" content=\"2025-04-06T18:34:07+00:00\" \/>\n<meta property=\"og:image\" content=\"https:\/\/ebeltoftstrandcamping.dk\/wp-content\/uploads\/2025\/01\/Ebeltoft-360-px-high.png\" \/>\n\t<meta property=\"og:image:width\" content=\"1285\" \/>\n\t<meta property=\"og:image:height\" content=\"360\" \/>\n\t<meta property=\"og:image:type\" content=\"image\/png\" \/>\n<meta name=\"twitter:card\" content=\"summary_large_image\" \/>\n<meta name=\"twitter:label1\" content=\"Gesch\u00e4tzte Lesezeit\" \/>\n\t<meta name=\"twitter:data1\" content=\"6\u00a0Minuten\" \/>\n<script type=\"application\/ld+json\" class=\"yoast-schema-graph\">{\"@context\":\"https:\\\/\\\/schema.org\",\"@graph\":[{\"@type\":\"WebPage\",\"@id\":\"https:\\\/\\\/ebeltoftstrandcamping.dk\\\/de\\\/camping-caravaning\\\/camping-mit-kindern\\\/\",\"url\":\"https:\\\/\\\/ebeltoftstrandcamping.dk\\\/de\\\/camping-caravaning\\\/camping-mit-kindern\\\/\",\"name\":\"Kinderfreundliches Camping in Ebeltoft | Urlaub f\u00fcr die ganze Familie\",\"isPartOf\":{\"@id\":\"https:\\\/\\\/ebeltoftstrandcamping.dk\\\/de\\\/#website\"},\"datePublished\":\"2024-11-17T13:40:04+00:00\",\"dateModified\":\"2025-04-06T18:34:07+00:00\",\"description\":\"Erleben Sie kinderfreundliches Camping auf Ebeltoft Strand Camping - Spielplatz, Strand, Aktivit\u00e4ten und eine sichere Umgebung f\u00fcr Kinder jeden Alters. Schaffen Sie Erinnerungen mit der ganzen Familie\",\"breadcrumb\":{\"@id\":\"https:\\\/\\\/ebeltoftstrandcamping.dk\\\/de\\\/camping-caravaning\\\/camping-mit-kindern\\\/#breadcrumb\"},\"inLanguage\":\"de\",\"potentialAction\":[{\"@type\":\"ReadAction\",\"target\":[\"https:\\\/\\\/ebeltoftstrandcamping.dk\\\/de\\\/camping-caravaning\\\/camping-mit-kindern\\\/\"]}]},{\"@type\":\"BreadcrumbList\",\"@id\":\"https:\\\/\\\/ebeltoftstrandcamping.dk\\\/de\\\/camping-caravaning\\\/camping-mit-kindern\\\/#breadcrumb\",\"itemListElement\":[{\"@type\":\"ListItem\",\"position\":1,\"name\":\"Home\",\"item\":\"https:\\\/\\\/ebeltoftstrandcamping.dk\\\/de\\\/startseite\\\/\"},{\"@type\":\"ListItem\",\"position\":2,\"name\":\"Camping &amp; Caravaning\",\"item\":\"https:\\\/\\\/ebeltoftstrandcamping.dk\\\/de\\\/camping-caravaning\\\/\"},{\"@type\":\"ListItem\",\"position\":3,\"name\":\"Camping mit Kindern\"}]},{\"@type\":\"WebSite\",\"@id\":\"https:\\\/\\\/ebeltoftstrandcamping.dk\\\/de\\\/#website\",\"url\":\"https:\\\/\\\/ebeltoftstrandcamping.dk\\\/de\\\/\",\"name\":\"Ebeltoft Strand Camping\",\"description\":\"Din n\u00e6ste campingferie\",\"publisher\":{\"@id\":\"https:\\\/\\\/ebeltoftstrandcamping.dk\\\/de\\\/#organization\"},\"potentialAction\":[{\"@type\":\"SearchAction\",\"target\":{\"@type\":\"EntryPoint\",\"urlTemplate\":\"https:\\\/\\\/ebeltoftstrandcamping.dk\\\/de\\\/?s={search_term_string}\"},\"query-input\":{\"@type\":\"PropertyValueSpecification\",\"valueRequired\":true,\"valueName\":\"search_term_string\"}}],\"inLanguage\":\"de\"},{\"@type\":\"Organization\",\"@id\":\"https:\\\/\\\/ebeltoftstrandcamping.dk\\\/de\\\/#organization\",\"name\":\"Ebeltoft Strand Camping\",\"url\":\"https:\\\/\\\/ebeltoftstrandcamping.dk\\\/de\\\/\",\"logo\":{\"@type\":\"ImageObject\",\"inLanguage\":\"de\",\"@id\":\"https:\\\/\\\/ebeltoftstrandcamping.dk\\\/de\\\/#\\\/schema\\\/logo\\\/image\\\/\",\"url\":\"https:\\\/\\\/ebeltoftstrandcamping.dk\\\/wp-content\\\/uploads\\\/2025\\\/01\\\/Ebeltoft-360-px-high.png\",\"contentUrl\":\"https:\\\/\\\/ebeltoftstrandcamping.dk\\\/wp-content\\\/uploads\\\/2025\\\/01\\\/Ebeltoft-360-px-high.png\",\"width\":1285,\"height\":360,\"caption\":\"Ebeltoft Strand Camping\"},\"image\":{\"@id\":\"https:\\\/\\\/ebeltoftstrandcamping.dk\\\/de\\\/#\\\/schema\\\/logo\\\/image\\\/\"},\"sameAs\":[\"https:\\\/\\\/www.facebook.com\\\/ebeltoftstrandcamping\",\"https:\\\/\\\/www.instagram.com\\\/ebeltoftstrandcamping\\\/\"]}]}<\/script>\n<!-- \/ Yoast SEO plugin. -->","yoast_head_json":{"title":"Kinderfreundliches Camping in Ebeltoft | Urlaub f\u00fcr die ganze Familie","description":"Erleben Sie kinderfreundliches Camping auf Ebeltoft Strand Camping - Spielplatz, Strand, Aktivit\u00e4ten und eine sichere Umgebung f\u00fcr Kinder jeden Alters. Schaffen Sie Erinnerungen mit der ganzen Familie","robots":{"index":"index","follow":"follow","max-snippet":"max-snippet:-1","max-image-preview":"max-image-preview:large","max-video-preview":"max-video-preview:-1"},"canonical":"https:\/\/ebeltoftstrandcamping.dk\/de\/camping-caravaning\/camping-mit-kindern\/","og_locale":"de_DE","og_type":"article","og_title":"Kinderfreundliches Camping in Ebeltoft | Urlaub f\u00fcr die ganze Familie","og_description":"Erleben Sie kinderfreundliches Camping auf Ebeltoft Strand Camping - Spielplatz, Strand, Aktivit\u00e4ten und eine sichere Umgebung f\u00fcr Kinder jeden Alters. Schaffen Sie Erinnerungen mit der ganzen Familie","og_url":"https:\/\/ebeltoftstrandcamping.dk\/de\/camping-caravaning\/camping-mit-kindern\/","og_site_name":"Ebeltoft Strand Camping","article_publisher":"https:\/\/www.facebook.com\/ebeltoftstrandcamping","article_modified_time":"2025-04-06T18:34:07+00:00","og_image":[{"width":1285,"height":360,"url":"https:\/\/ebeltoftstrandcamping.dk\/wp-content\/uploads\/2025\/01\/Ebeltoft-360-px-high.png","type":"image\/png"}],"twitter_card":"summary_large_image","twitter_misc":{"Gesch\u00e4tzte Lesezeit":"6\u00a0Minuten"},"schema":{"@context":"https:\/\/schema.org","@graph":[{"@type":"WebPage","@id":"https:\/\/ebeltoftstrandcamping.dk\/de\/camping-caravaning\/camping-mit-kindern\/","url":"https:\/\/ebeltoftstrandcamping.dk\/de\/camping-caravaning\/camping-mit-kindern\/","name":"Kinderfreundliches Camping in Ebeltoft | Urlaub f\u00fcr die ganze Familie","isPartOf":{"@id":"https:\/\/ebeltoftstrandcamping.dk\/de\/#website"},"datePublished":"2024-11-17T13:40:04+00:00","dateModified":"2025-04-06T18:34:07+00:00","description":"Erleben Sie kinderfreundliches Camping auf Ebeltoft Strand Camping - Spielplatz, Strand, Aktivit\u00e4ten und eine sichere Umgebung f\u00fcr Kinder jeden Alters. Schaffen Sie Erinnerungen mit der ganzen Familie","breadcrumb":{"@id":"https:\/\/ebeltoftstrandcamping.dk\/de\/camping-caravaning\/camping-mit-kindern\/#breadcrumb"},"inLanguage":"de","potentialAction":[{"@type":"ReadAction","target":["https:\/\/ebeltoftstrandcamping.dk\/de\/camping-caravaning\/camping-mit-kindern\/"]}]},{"@type":"BreadcrumbList","@id":"https:\/\/ebeltoftstrandcamping.dk\/de\/camping-caravaning\/camping-mit-kindern\/#breadcrumb","itemListElement":[{"@type":"ListItem","position":1,"name":"Home","item":"https:\/\/ebeltoftstrandcamping.dk\/de\/startseite\/"},{"@type":"ListItem","position":2,"name":"Camping &amp; Caravaning","item":"https:\/\/ebeltoftstrandcamping.dk\/de\/camping-caravaning\/"},{"@type":"ListItem","position":3,"name":"Camping mit Kindern"}]},{"@type":"WebSite","@id":"https:\/\/ebeltoftstrandcamping.dk\/de\/#website","url":"https:\/\/ebeltoftstrandcamping.dk\/de\/","name":"Ebeltoft Strand Camping","description":"Din n\u00e6ste campingferie","publisher":{"@id":"https:\/\/ebeltoftstrandcamping.dk\/de\/#organization"},"potentialAction":[{"@type":"SearchAction","target":{"@type":"EntryPoint","urlTemplate":"https:\/\/ebeltoftstrandcamping.dk\/de\/?s={search_term_string}"},"query-input":{"@type":"PropertyValueSpecification","valueRequired":true,"valueName":"search_term_string"}}],"inLanguage":"de"},{"@type":"Organization","@id":"https:\/\/ebeltoftstrandcamping.dk\/de\/#organization","name":"Ebeltoft Strand Camping","url":"https:\/\/ebeltoftstrandcamping.dk\/de\/","logo":{"@type":"ImageObject","inLanguage":"de","@id":"https:\/\/ebeltoftstrandcamping.dk\/de\/#\/schema\/logo\/image\/","url":"https:\/\/ebeltoftstrandcamping.dk\/wp-content\/uploads\/2025\/01\/Ebeltoft-360-px-high.png","contentUrl":"https:\/\/ebeltoftstrandcamping.dk\/wp-content\/uploads\/2025\/01\/Ebeltoft-360-px-high.png","width":1285,"height":360,"caption":"Ebeltoft Strand Camping"},"image":{"@id":"https:\/\/ebeltoftstrandcamping.dk\/de\/#\/schema\/logo\/image\/"},"sameAs":["https:\/\/www.facebook.com\/ebeltoftstrandcamping","https:\/\/www.instagram.com\/ebeltoftstrandcamping\/"]}]}},"_links":{"self":[{"href":"https:\/\/ebeltoftstrandcamping.dk\/de\/wp-json\/wp\/v2\/pages\/102375","targetHints":{"allow":["GET"]}}],"collection":[{"href":"https:\/\/ebeltoftstrandcamping.dk\/de\/wp-json\/wp\/v2\/pages"}],"about":[{"href":"https:\/\/ebeltoftstrandcamping.dk\/de\/wp-json\/wp\/v2\/types\/page"}],"author":[{"embeddable":true,"href":"https:\/\/ebeltoftstrandcamping.dk\/de\/wp-json\/wp\/v2\/users\/1"}],"replies":[{"embeddable":true,"href":"https:\/\/ebeltoftstrandcamping.dk\/de\/wp-json\/wp\/v2\/comments?post=102375"}],"version-history":[{"count":2,"href":"https:\/\/ebeltoftstrandcamping.dk\/de\/wp-json\/wp\/v2\/pages\/102375\/revisions"}],"predecessor-version":[{"id":102377,"href":"https:\/\/ebeltoftstrandcamping.dk\/de\/wp-json\/wp\/v2\/pages\/102375\/revisions\/102377"}],"up":[{"embeddable":true,"href":"https:\/\/ebeltoftstrandcamping.dk\/de\/wp-json\/wp\/v2\/pages\/102579"}],"wp:attachment":[{"href":"https:\/\/ebeltoftstrandcamping.dk\/de\/wp-json\/wp\/v2\/media?parent=102375"}],"wp:term":[{"taxonomy":"folder","embeddable":true,"href":"https:\/\/ebeltoftstrandcamping.dk\/de\/wp-json\/wp\/v2\/folder?post=102375"}],"curies":[{"name":"wp","href":"https:\/\/api.w.org\/{rel}","templated":true}]}}