{"id":102349,"date":"2025-02-09T20:29:04","date_gmt":"2025-02-09T19:29:04","guid":{"rendered":"https:\/\/ebeltoftstrandcamping.dk\/dienstleistungsgebaeude\/"},"modified":"2025-04-06T19:34:16","modified_gmt":"2025-04-06T18:34:16","slug":"dienstleistungsgebaeude","status":"publish","type":"page","link":"https:\/\/ebeltoftstrandcamping.dk\/de\/das-quadrat\/dienstleistungsgebaeude\/","title":{"rendered":"Dienstleistungsgeb\u00e4ude"},"content":{"rendered":"<p>[et_pb_section fb_built=&#8220;1&#8243; _builder_version=&#8220;4.27.4&#8243; _module_preset=&#8220;default&#8220; use_background_color_gradient=&#8220;on&#8220; background_color_gradient_direction=&#8220;45deg&#8220; background_color_gradient_stops=&#8220;rgba(0,0,0,0.6) 0%|rgba(0,0,0,0.6) 100%&#8220; background_color_gradient_overlays_image=&#8220;on&#8220; background_image=&#8220;https:\/\/ebeltoftstrandcamping.dk\/wp-content\/uploads\/2025\/01\/ESC_CAMPLIFE-2277-1920&#215;840-2.jpg&#8220; hover_enabled=&#8220;0&#8243; global_colors_info=&#8220;{}&#8220; height_last_edited=&#8220;on|phone&#8220; height=&#8220;400px&#8220; sticky_enabled=&#8220;0&#8243; height_tablet=&#8220;350px&#8220; height_phone=&#8220;350px&#8220;][et_pb_row _builder_version=&#8220;4.17.3&#8243; _module_preset=&#8220;default&#8220; custom_padding=&#8220;||0px||false|false&#8220; global_colors_info=&#8220;{}&#8220;][et_pb_column type=&#8220;4_4&#8243; _builder_version=&#8220;4.17.3&#8243; _module_preset=&#8220;default&#8220; global_colors_info=&#8220;{}&#8220;][et_pb_text _builder_version=&#8220;4.27.4&#8243; _module_preset=&#8220;default&#8220; header_font=&#8220;||||||||&#8220; header_text_color=&#8220;#FFFFFF&#8220; header_2_text_color=&#8220;#FFFFFF&#8220; custom_margin=&#8220;||0px||false|false&#8220; border_color_all=&#8220;gcid-7ce7b00a-a0f7-4559-8af2-0adef5afd391&#8243; global_colors_info=&#8220;{%22gcid-7ce7b00a-a0f7-4559-8af2-0adef5afd391%22:%91%22border_color_all%22%93}&#8220;]<\/p>\n<h1>Dienstleistungsgeb\u00e4ude<\/h1>\n<p>[\/et_pb_text][\/et_pb_column][\/et_pb_row][et_pb_row _builder_version=&#8220;4.17.3&#8243; _module_preset=&#8220;default&#8220; custom_padding=&#8220;0px||||false|false&#8220; global_colors_info=&#8220;{}&#8220;][et_pb_column type=&#8220;4_4&#8243; _builder_version=&#8220;4.17.3&#8243; _module_preset=&#8220;default&#8220; global_colors_info=&#8220;{}&#8220;][et_pb_divider color=&#8220;gcid-7ce7b00a-a0f7-4559-8af2-0adef5afd391&#8243; _builder_version=&#8220;4.17.3&#8243; _module_preset=&#8220;default&#8220; height=&#8220;0px&#8220; custom_margin=&#8220;||0px||false|false&#8220; custom_padding=&#8220;||||false|false&#8220; global_colors_info=&#8220;{%22gcid-7ce7b00a-a0f7-4559-8af2-0adef5afd391%22:%91%22border_color_right%22,%22color%22%93}&#8220;][\/et_pb_divider][et_pb_divider show_divider=&#8220;off&#8220; admin_label=&#8220;Point right bottom&#8220; module_class=&#8220;dot-right-bottom sub-page-dot&#8220; _builder_version=&#8220;4.17.3&#8243; _module_preset=&#8220;default&#8220; height=&#8220;25px&#8220; border_width_right=&#8220;1px&#8220; border_color_right=&#8220;gcid-7ce7b00a-a0f7-4559-8af2-0adef5afd391&#8243; global_colors_info=&#8220;{%22gcid-7ce7b00a-a0f7-4559-8af2-0adef5afd391%22:%91%22border_color_right%22%93}&#8220;][\/et_pb_divider][\/et_pb_column][\/et_pb_row][\/et_pb_section][et_pb_section fb_built=&#8220;1&#8243; _builder_version=&#8220;4.27.3&#8243; _module_preset=&#8220;default&#8220; background_image=&#8220;https:\/\/ebeltoftstrandcamping.dk\/wp-content\/uploads\/2024\/10\/corner-dots-left-top.png&#8220; background_size=&#8220;initial&#8220; background_position=&#8220;top_left&#8220; background_last_edited=&#8220;on|tablet&#8220; background_enable_image_tablet=&#8220;off&#8220; global_colors_info=&#8220;{}&#8220;][et_pb_row _builder_version=&#8220;4.27.3&#8243; _module_preset=&#8220;default&#8220; custom_padding=&#8220;50px||35px||false|false&#8220; global_colors_info=&#8220;{}&#8220;][et_pb_column type=&#8220;4_4&#8243; _builder_version=&#8220;4.17.3&#8243; _module_preset=&#8220;default&#8220; custom_padding=&#8220;25px||||false|false&#8220; global_colors_info=&#8220;{}&#8220;][et_pb_text _builder_version=&#8220;4.27.4&#8243; _module_preset=&#8220;default&#8220; text_font=&#8220;||||||||&#8220; text_line_height=&#8220;1.8em&#8220; text_orientation=&#8220;center&#8220; global_colors_info=&#8220;{}&#8220;]<\/p>\n<h4>In unserem Unternehmen wollen wir die Extrameile gehen &#8211; selbst die, die f\u00fcr manche wie kleine Details erscheinen!<\/h4>\n<p>Servicegeb\u00e4ude und ein wenig \u00fcber sie<\/p>\n<p>[\/et_pb_text][\/et_pb_column][\/et_pb_row][et_pb_row column_structure=&#8220;1_2,1_2&#8243; _builder_version=&#8220;4.17.3&#8243; _module_preset=&#8220;default&#8220; custom_padding=&#8220;50px||35px||false|false&#8220; global_colors_info=&#8220;{}&#8220;][et_pb_column type=&#8220;1_2&#8243; _builder_version=&#8220;4.17.3&#8243; _module_preset=&#8220;default&#8220; custom_padding=&#8220;25px||||false|false&#8220; global_colors_info=&#8220;{}&#8220;][et_pb_text _builder_version=&#8220;4.27.3&#8243; _module_preset=&#8220;default&#8220; global_colors_info=&#8220;{}&#8220;]<\/p>\n<h2>Historische Erlebnisse in der Stadt Ebeltoft<\/h2>\n<p>[\/et_pb_text][et_pb_text _builder_version=&#8220;4.27.3&#8243; _module_preset=&#8220;default&#8220; text_font=&#8220;||||||||&#8220; text_line_height=&#8220;1.8em&#8220; global_colors_info=&#8220;{}&#8220;]<\/p>\n<p>Nur einen kurzen Spaziergang vom Campingplatz entfernt finden Sie die charmante alte Marktstadt Ebeltoft. Hier k\u00f6nnen Sie durch die gepflasterten Stra\u00dfen schlendern, die gut erhaltenen Fachwerkh\u00e4user bewundern und das ikonische Alte Rathaus besuchen, eines der kleinsten und \u00e4ltesten D\u00e4nemarks. Ebeltoft beherbergt auch die beeindruckende Fregatte Jylland, das l\u00e4ngste h\u00f6lzerne Kriegsschiff der Welt, das im Stadthafen vor Anker liegt. Ein Besuch des Museums bietet einen faszinierenden Einblick in die maritime Geschichte D\u00e4nemarks.   <\/p>\n<p>[\/et_pb_text][\/et_pb_column][et_pb_column type=&#8220;1_2&#8243; _builder_version=&#8220;4.17.3&#8243; _module_preset=&#8220;default&#8220; global_colors_info=&#8220;{}&#8220;][et_pb_gallery gallery_ids=&#8220;101492&#8243; fullwidth=&#8220;on&#8220; _builder_version=&#8220;4.27.4&#8243; _module_preset=&#8220;default&#8220; global_colors_info=&#8220;{}&#8220;][\/et_pb_gallery][\/et_pb_column][\/et_pb_row][\/et_pb_section][et_pb_section fb_built=&#8220;1&#8243; _builder_version=&#8220;4.27.3&#8243; _module_preset=&#8220;default&#8220; background_color=&#8220;gcid-d70a5a6a-d90d-43f0-b48d-3d8f33a6130e&#8220; global_colors_info=&#8220;{%22gcid-d70a5a6a-d90d-43f0-b48d-3d8f33a6130e%22:%91%22background_color%22%93}&#8220;][et_pb_row column_structure=&#8220;1_2,1_2&#8243; _builder_version=&#8220;4.27.3&#8243; _module_preset=&#8220;default&#8220; global_colors_info=&#8220;{}&#8220;][et_pb_column type=&#8220;1_2&#8243; _builder_version=&#8220;4.27.3&#8243; _module_preset=&#8220;default&#8220; global_colors_info=&#8220;{}&#8220;][et_pb_gallery gallery_ids=&#8220;101492&#8243; fullwidth=&#8220;on&#8220; _builder_version=&#8220;4.27.4&#8243; _module_preset=&#8220;default&#8220; locked=&#8220;off&#8220; global_colors_info=&#8220;{}&#8220;][\/et_pb_gallery][\/et_pb_column][et_pb_column type=&#8220;1_2&#8243; _builder_version=&#8220;4.27.3&#8243; _module_preset=&#8220;default&#8220; global_colors_info=&#8220;{}&#8220;][et_pb_heading title=&#8220;Natur rund um den Nationalpark Mols Bjerge&#8220; _builder_version=&#8220;4.27.3&#8243; _module_preset=&#8220;default&#8220; title_level=&#8220;h4&#8243; title_text_align=&#8220;left&#8220; global_colors_info=&#8220;{}&#8220;][\/et_pb_heading][et_pb_text _builder_version=&#8220;4.27.3&#8243; _module_preset=&#8220;default&#8220; global_colors_info=&#8220;{}&#8220;]<\/p>\n<p>Wenn Sie Naturerlebnisse lieben, ist der Nationalpark Mols Bjerge ein Muss. Nur eine kurze Autofahrt von Ebeltoft Strand Camping entfernt liegt eines der spektakul\u00e4rsten Naturgebiete D\u00e4nemarks. Hier k\u00f6nnen Sie durch die h\u00fcgelige Landschaft wandern, die Aussicht von den hohen Berggipfeln genie\u00dfen oder mit dem Fahrrad durch die kleinen D\u00f6rfer fahren. Der Nationalpark ist bekannt f\u00fcr seine einzigartige Natur und die reiche Tierwelt &#8211; halten Sie Ausschau nach den Wildpferden und Hirschen, die man in der Gegend oft sieht.   <\/p>\n<p>[\/et_pb_text][\/et_pb_column][\/et_pb_row][et_pb_row column_structure=&#8220;1_2,1_2&#8243; _builder_version=&#8220;4.27.3&#8243; _module_preset=&#8220;default&#8220; global_colors_info=&#8220;{}&#8220;][et_pb_column type=&#8220;1_2&#8243; _builder_version=&#8220;4.27.3&#8243; _module_preset=&#8220;default&#8220; global_colors_info=&#8220;{}&#8220;][et_pb_heading title=&#8220;F\u00fcr die ganze Familie&#8220; _builder_version=&#8220;4.27.3&#8243; _module_preset=&#8220;default&#8220; title_level=&#8220;h4&#8243; global_colors_info=&#8220;{}&#8220;][\/et_pb_heading][et_pb_text _builder_version=&#8220;4.27.3&#8243; _module_preset=&#8220;default&#8220; global_colors_info=&#8220;{}&#8220;]<\/p>\n<p><span>F\u00fcr die J\u00fcngsten (und die Junggebliebenen) <\/span><i>Ree Park Safari<\/i><span> und <\/span><i>Skandinavischer Wildtierpark<\/i><span>  beliebte Ausflugsziele, an denen Sie sowohl exotische Tiere als auch nordische Arten hautnah erleben k\u00f6nnen. Wenn Sie mehr auf Geschwindigkeit und Aufregung stehen, k\u00f6nnen Sie einen Ausflug nach   <\/span><i>Djurs Sommerland<\/i><span>Djurs Sommerland ist D\u00e4nemarks gr\u00f6\u00dftes Sommerland mit Fahrgesch\u00e4ften f\u00fcr alle Altersgruppen.<\/span><\/p>\n<p>[\/et_pb_text][\/et_pb_column][et_pb_column type=&#8220;1_2&#8243; _builder_version=&#8220;4.27.3&#8243; _module_preset=&#8220;default&#8220; global_colors_info=&#8220;{}&#8220;][et_pb_gallery gallery_ids=&#8220;101492&#8243; fullwidth=&#8220;on&#8220; _builder_version=&#8220;4.27.4&#8243; _module_preset=&#8220;default&#8220; locked=&#8220;off&#8220; global_colors_info=&#8220;{}&#8220;][\/et_pb_gallery][\/et_pb_column][\/et_pb_row][\/et_pb_section][et_pb_section fb_built=&#8220;1&#8243; _builder_version=&#8220;4.27.3&#8243; _module_preset=&#8220;default&#8220; global_colors_info=&#8220;{}&#8220;][et_pb_row column_structure=&#8220;1_2,1_2&#8243; _builder_version=&#8220;4.27.3&#8243; _module_preset=&#8220;default&#8220; global_colors_info=&#8220;{}&#8220;][et_pb_column type=&#8220;1_2&#8243; _builder_version=&#8220;4.27.3&#8243; _module_preset=&#8220;default&#8220; global_colors_info=&#8220;{}&#8220;][et_pb_gallery gallery_ids=&#8220;101492&#8243; fullwidth=&#8220;on&#8220; _builder_version=&#8220;4.27.4&#8243; _module_preset=&#8220;default&#8220; locked=&#8220;off&#8220; global_colors_info=&#8220;{}&#8220;][\/et_pb_gallery][\/et_pb_column][et_pb_column type=&#8220;1_2&#8243; _builder_version=&#8220;4.27.3&#8243; _module_preset=&#8220;default&#8220; global_colors_info=&#8220;{}&#8220;][et_pb_heading title=&#8220;Strand und Wasseraktivit\u00e4ten  &#8220; _builder_version=&#8220;4.27.3&#8243; _module_preset=&#8220;default&#8220; title_level=&#8220;h4&#8243; title_text_align=&#8220;left&#8220; global_colors_info=&#8220;{}&#8220;][\/et_pb_heading][et_pb_text _builder_version=&#8220;4.27.3&#8243; _module_preset=&#8220;default&#8220; global_colors_info=&#8220;{}&#8220;]<\/p>\n<p>Der sch\u00f6ne Strand des Campingplatzes l\u00e4dt Sie zum Entspannen, Spielen und zu lustigen Aktivit\u00e4ten im Wasser ein. Sie k\u00f6nnen schwimmen, schnorcheln oder einfach am wei\u00dfen Sandstrand die Sonne genie\u00dfen. F\u00fcr die Abenteuerlustigen unter Ihnen gibt es auch die M\u00f6glichkeit, Kajaks oder Paddelboards zu mieten und die K\u00fcste vom Wasser aus zu erkunden.  <\/p>\n<p>[\/et_pb_text][et_pb_heading title=&#8220;Geschmack von Ebeltoft&#8220; _builder_version=&#8220;4.27.3&#8243; _module_preset=&#8220;default&#8220; title_level=&#8220;h4&#8243; global_colors_info=&#8220;{}&#8220;][\/et_pb_heading][et_pb_text _builder_version=&#8220;4.27.3&#8243; _module_preset=&#8220;default&#8220; global_colors_info=&#8220;{}&#8220;]<\/p>\n<p>Wenn Sie hungrig sind, bietet Ebeltoft eine Reihe von gem\u00fctlichen Caf\u00e9s und Restaurants. Im Hafen der Stadt k\u00f6nnen Sie lokale Spezialit\u00e4ten und fangfrischen Fisch genie\u00dfen oder die ber\u00fchmte Ebeltoft G\u00e5rdbryggeri besuchen, wo Sie das preisgekr\u00f6nte, mit lokalen Zutaten gebraute Bier probieren k\u00f6nnen. <\/p>\n<p>[\/et_pb_text][\/et_pb_column][\/et_pb_row][\/et_pb_section]<\/p>\n","protected":false},"excerpt":{"rendered":"<p>Dienstleistungsgeb\u00e4udeIn unserem Unternehmen wollen wir die Extrameile gehen &#8211; selbst die, die f\u00fcr manche wie kleine Details erscheinen! Servicegeb\u00e4ude und ein wenig \u00fcber sieHistorische Erlebnisse in der Stadt EbeltoftNur einen kurzen Spaziergang vom Campingplatz entfernt finden Sie die charmante alte Marktstadt Ebeltoft. Hier k\u00f6nnen Sie durch die gepflasterten Stra\u00dfen schlendern, die gut erhaltenen Fachwerkh\u00e4user bewundern [&hellip;]<\/p>\n","protected":false},"author":1,"featured_media":0,"parent":102601,"menu_order":0,"comment_status":"closed","ping_status":"closed","template":"","meta":{"_et_pb_use_builder":"on","_et_pb_old_content":"","_et_gb_content_width":"","footnotes":""},"folder":[],"class_list":["post-102349","page","type-page","status-publish","hentry"],"yoast_head":"<!-- This site is optimized with the Yoast SEO plugin v27.4 - https:\/\/yoast.com\/product\/yoast-seo-wordpress\/ -->\n<title>Dienstleistungsgeb\u00e4ude - Ebeltoft Strand Camping<\/title>\n<meta name=\"robots\" content=\"index, follow, max-snippet:-1, max-image-preview:large, max-video-preview:-1\" \/>\n<link rel=\"canonical\" href=\"https:\/\/ebeltoftstrandcamping.dk\/de\/das-quadrat\/dienstleistungsgebaeude\/\" \/>\n<meta property=\"og:locale\" content=\"de_DE\" \/>\n<meta property=\"og:type\" content=\"article\" \/>\n<meta property=\"og:title\" content=\"Dienstleistungsgeb\u00e4ude - Ebeltoft Strand Camping\" \/>\n<meta property=\"og:description\" content=\"Dienstleistungsgeb\u00e4udeIn unserem Unternehmen wollen wir die Extrameile gehen - selbst die, die f\u00fcr manche wie kleine Details erscheinen! Servicegeb\u00e4ude und ein wenig \u00fcber sieHistorische Erlebnisse in der Stadt EbeltoftNur einen kurzen Spaziergang vom Campingplatz entfernt finden Sie die charmante alte Marktstadt Ebeltoft. Hier k\u00f6nnen Sie durch die gepflasterten Stra\u00dfen schlendern, die gut erhaltenen Fachwerkh\u00e4user bewundern [&hellip;]\" \/>\n<meta property=\"og:url\" content=\"https:\/\/ebeltoftstrandcamping.dk\/de\/das-quadrat\/dienstleistungsgebaeude\/\" \/>\n<meta property=\"og:site_name\" content=\"Ebeltoft Strand Camping\" \/>\n<meta property=\"article:publisher\" content=\"https:\/\/www.facebook.com\/ebeltoftstrandcamping\" \/>\n<meta property=\"article:modified_time\" content=\"2025-04-06T18:34:16+00:00\" \/>\n<meta property=\"og:image\" content=\"https:\/\/ebeltoftstrandcamping.dk\/wp-content\/uploads\/2025\/01\/Ebeltoft-360-px-high.png\" \/>\n\t<meta property=\"og:image:width\" content=\"1285\" \/>\n\t<meta property=\"og:image:height\" content=\"360\" \/>\n\t<meta property=\"og:image:type\" content=\"image\/png\" \/>\n<meta name=\"twitter:card\" content=\"summary_large_image\" \/>\n<meta name=\"twitter:label1\" content=\"Gesch\u00e4tzte Lesezeit\" \/>\n\t<meta name=\"twitter:data1\" content=\"7\u00a0Minuten\" \/>\n<script type=\"application\/ld+json\" class=\"yoast-schema-graph\">{\"@context\":\"https:\\\/\\\/schema.org\",\"@graph\":[{\"@type\":\"WebPage\",\"@id\":\"https:\\\/\\\/ebeltoftstrandcamping.dk\\\/de\\\/das-quadrat\\\/dienstleistungsgebaeude\\\/\",\"url\":\"https:\\\/\\\/ebeltoftstrandcamping.dk\\\/de\\\/das-quadrat\\\/dienstleistungsgebaeude\\\/\",\"name\":\"Dienstleistungsgeb\u00e4ude - Ebeltoft Strand Camping\",\"isPartOf\":{\"@id\":\"https:\\\/\\\/ebeltoftstrandcamping.dk\\\/de\\\/#website\"},\"datePublished\":\"2025-02-09T19:29:04+00:00\",\"dateModified\":\"2025-04-06T18:34:16+00:00\",\"breadcrumb\":{\"@id\":\"https:\\\/\\\/ebeltoftstrandcamping.dk\\\/de\\\/das-quadrat\\\/dienstleistungsgebaeude\\\/#breadcrumb\"},\"inLanguage\":\"de\",\"potentialAction\":[{\"@type\":\"ReadAction\",\"target\":[\"https:\\\/\\\/ebeltoftstrandcamping.dk\\\/de\\\/das-quadrat\\\/dienstleistungsgebaeude\\\/\"]}]},{\"@type\":\"BreadcrumbList\",\"@id\":\"https:\\\/\\\/ebeltoftstrandcamping.dk\\\/de\\\/das-quadrat\\\/dienstleistungsgebaeude\\\/#breadcrumb\",\"itemListElement\":[{\"@type\":\"ListItem\",\"position\":1,\"name\":\"Home\",\"item\":\"https:\\\/\\\/ebeltoftstrandcamping.dk\\\/de\\\/startseite\\\/\"},{\"@type\":\"ListItem\",\"position\":2,\"name\":\"Das Quadrat\",\"item\":\"https:\\\/\\\/ebeltoftstrandcamping.dk\\\/de\\\/das-quadrat\\\/\"},{\"@type\":\"ListItem\",\"position\":3,\"name\":\"Dienstleistungsgeb\u00e4ude\"}]},{\"@type\":\"WebSite\",\"@id\":\"https:\\\/\\\/ebeltoftstrandcamping.dk\\\/de\\\/#website\",\"url\":\"https:\\\/\\\/ebeltoftstrandcamping.dk\\\/de\\\/\",\"name\":\"Ebeltoft Strand Camping\",\"description\":\"Din n\u00e6ste campingferie\",\"publisher\":{\"@id\":\"https:\\\/\\\/ebeltoftstrandcamping.dk\\\/de\\\/#organization\"},\"potentialAction\":[{\"@type\":\"SearchAction\",\"target\":{\"@type\":\"EntryPoint\",\"urlTemplate\":\"https:\\\/\\\/ebeltoftstrandcamping.dk\\\/de\\\/?s={search_term_string}\"},\"query-input\":{\"@type\":\"PropertyValueSpecification\",\"valueRequired\":true,\"valueName\":\"search_term_string\"}}],\"inLanguage\":\"de\"},{\"@type\":\"Organization\",\"@id\":\"https:\\\/\\\/ebeltoftstrandcamping.dk\\\/de\\\/#organization\",\"name\":\"Ebeltoft Strand Camping\",\"url\":\"https:\\\/\\\/ebeltoftstrandcamping.dk\\\/de\\\/\",\"logo\":{\"@type\":\"ImageObject\",\"inLanguage\":\"de\",\"@id\":\"https:\\\/\\\/ebeltoftstrandcamping.dk\\\/de\\\/#\\\/schema\\\/logo\\\/image\\\/\",\"url\":\"https:\\\/\\\/ebeltoftstrandcamping.dk\\\/wp-content\\\/uploads\\\/2025\\\/01\\\/Ebeltoft-360-px-high.png\",\"contentUrl\":\"https:\\\/\\\/ebeltoftstrandcamping.dk\\\/wp-content\\\/uploads\\\/2025\\\/01\\\/Ebeltoft-360-px-high.png\",\"width\":1285,\"height\":360,\"caption\":\"Ebeltoft Strand Camping\"},\"image\":{\"@id\":\"https:\\\/\\\/ebeltoftstrandcamping.dk\\\/de\\\/#\\\/schema\\\/logo\\\/image\\\/\"},\"sameAs\":[\"https:\\\/\\\/www.facebook.com\\\/ebeltoftstrandcamping\",\"https:\\\/\\\/www.instagram.com\\\/ebeltoftstrandcamping\\\/\"]}]}<\/script>\n<!-- \/ Yoast SEO plugin. -->","yoast_head_json":{"title":"Dienstleistungsgeb\u00e4ude - Ebeltoft Strand Camping","robots":{"index":"index","follow":"follow","max-snippet":"max-snippet:-1","max-image-preview":"max-image-preview:large","max-video-preview":"max-video-preview:-1"},"canonical":"https:\/\/ebeltoftstrandcamping.dk\/de\/das-quadrat\/dienstleistungsgebaeude\/","og_locale":"de_DE","og_type":"article","og_title":"Dienstleistungsgeb\u00e4ude - Ebeltoft Strand Camping","og_description":"Dienstleistungsgeb\u00e4udeIn unserem Unternehmen wollen wir die Extrameile gehen - selbst die, die f\u00fcr manche wie kleine Details erscheinen! Servicegeb\u00e4ude und ein wenig \u00fcber sieHistorische Erlebnisse in der Stadt EbeltoftNur einen kurzen Spaziergang vom Campingplatz entfernt finden Sie die charmante alte Marktstadt Ebeltoft. Hier k\u00f6nnen Sie durch die gepflasterten Stra\u00dfen schlendern, die gut erhaltenen Fachwerkh\u00e4user bewundern [&hellip;]","og_url":"https:\/\/ebeltoftstrandcamping.dk\/de\/das-quadrat\/dienstleistungsgebaeude\/","og_site_name":"Ebeltoft Strand Camping","article_publisher":"https:\/\/www.facebook.com\/ebeltoftstrandcamping","article_modified_time":"2025-04-06T18:34:16+00:00","og_image":[{"width":1285,"height":360,"url":"https:\/\/ebeltoftstrandcamping.dk\/wp-content\/uploads\/2025\/01\/Ebeltoft-360-px-high.png","type":"image\/png"}],"twitter_card":"summary_large_image","twitter_misc":{"Gesch\u00e4tzte Lesezeit":"7\u00a0Minuten"},"schema":{"@context":"https:\/\/schema.org","@graph":[{"@type":"WebPage","@id":"https:\/\/ebeltoftstrandcamping.dk\/de\/das-quadrat\/dienstleistungsgebaeude\/","url":"https:\/\/ebeltoftstrandcamping.dk\/de\/das-quadrat\/dienstleistungsgebaeude\/","name":"Dienstleistungsgeb\u00e4ude - Ebeltoft Strand Camping","isPartOf":{"@id":"https:\/\/ebeltoftstrandcamping.dk\/de\/#website"},"datePublished":"2025-02-09T19:29:04+00:00","dateModified":"2025-04-06T18:34:16+00:00","breadcrumb":{"@id":"https:\/\/ebeltoftstrandcamping.dk\/de\/das-quadrat\/dienstleistungsgebaeude\/#breadcrumb"},"inLanguage":"de","potentialAction":[{"@type":"ReadAction","target":["https:\/\/ebeltoftstrandcamping.dk\/de\/das-quadrat\/dienstleistungsgebaeude\/"]}]},{"@type":"BreadcrumbList","@id":"https:\/\/ebeltoftstrandcamping.dk\/de\/das-quadrat\/dienstleistungsgebaeude\/#breadcrumb","itemListElement":[{"@type":"ListItem","position":1,"name":"Home","item":"https:\/\/ebeltoftstrandcamping.dk\/de\/startseite\/"},{"@type":"ListItem","position":2,"name":"Das Quadrat","item":"https:\/\/ebeltoftstrandcamping.dk\/de\/das-quadrat\/"},{"@type":"ListItem","position":3,"name":"Dienstleistungsgeb\u00e4ude"}]},{"@type":"WebSite","@id":"https:\/\/ebeltoftstrandcamping.dk\/de\/#website","url":"https:\/\/ebeltoftstrandcamping.dk\/de\/","name":"Ebeltoft Strand Camping","description":"Din n\u00e6ste campingferie","publisher":{"@id":"https:\/\/ebeltoftstrandcamping.dk\/de\/#organization"},"potentialAction":[{"@type":"SearchAction","target":{"@type":"EntryPoint","urlTemplate":"https:\/\/ebeltoftstrandcamping.dk\/de\/?s={search_term_string}"},"query-input":{"@type":"PropertyValueSpecification","valueRequired":true,"valueName":"search_term_string"}}],"inLanguage":"de"},{"@type":"Organization","@id":"https:\/\/ebeltoftstrandcamping.dk\/de\/#organization","name":"Ebeltoft Strand Camping","url":"https:\/\/ebeltoftstrandcamping.dk\/de\/","logo":{"@type":"ImageObject","inLanguage":"de","@id":"https:\/\/ebeltoftstrandcamping.dk\/de\/#\/schema\/logo\/image\/","url":"https:\/\/ebeltoftstrandcamping.dk\/wp-content\/uploads\/2025\/01\/Ebeltoft-360-px-high.png","contentUrl":"https:\/\/ebeltoftstrandcamping.dk\/wp-content\/uploads\/2025\/01\/Ebeltoft-360-px-high.png","width":1285,"height":360,"caption":"Ebeltoft Strand Camping"},"image":{"@id":"https:\/\/ebeltoftstrandcamping.dk\/de\/#\/schema\/logo\/image\/"},"sameAs":["https:\/\/www.facebook.com\/ebeltoftstrandcamping","https:\/\/www.instagram.com\/ebeltoftstrandcamping\/"]}]}},"_links":{"self":[{"href":"https:\/\/ebeltoftstrandcamping.dk\/de\/wp-json\/wp\/v2\/pages\/102349","targetHints":{"allow":["GET"]}}],"collection":[{"href":"https:\/\/ebeltoftstrandcamping.dk\/de\/wp-json\/wp\/v2\/pages"}],"about":[{"href":"https:\/\/ebeltoftstrandcamping.dk\/de\/wp-json\/wp\/v2\/types\/page"}],"author":[{"embeddable":true,"href":"https:\/\/ebeltoftstrandcamping.dk\/de\/wp-json\/wp\/v2\/users\/1"}],"replies":[{"embeddable":true,"href":"https:\/\/ebeltoftstrandcamping.dk\/de\/wp-json\/wp\/v2\/comments?post=102349"}],"version-history":[{"count":3,"href":"https:\/\/ebeltoftstrandcamping.dk\/de\/wp-json\/wp\/v2\/pages\/102349\/revisions"}],"predecessor-version":[{"id":102362,"href":"https:\/\/ebeltoftstrandcamping.dk\/de\/wp-json\/wp\/v2\/pages\/102349\/revisions\/102362"}],"up":[{"embeddable":true,"href":"https:\/\/ebeltoftstrandcamping.dk\/de\/wp-json\/wp\/v2\/pages\/102601"}],"wp:attachment":[{"href":"https:\/\/ebeltoftstrandcamping.dk\/de\/wp-json\/wp\/v2\/media?parent=102349"}],"wp:term":[{"taxonomy":"folder","embeddable":true,"href":"https:\/\/ebeltoftstrandcamping.dk\/de\/wp-json\/wp\/v2\/folder?post=102349"}],"curies":[{"name":"wp","href":"https:\/\/api.w.org\/{rel}","templated":true}]}}