{"id":102330,"date":"2025-03-21T14:08:37","date_gmt":"2025-03-21T13:08:37","guid":{"rendered":"https:\/\/ebeltoftstrandcamping.dk\/feiertag-christi-himmelfahrt\/"},"modified":"2025-04-06T19:32:58","modified_gmt":"2025-04-06T18:32:58","slug":"feiertag-christi-himmelfahrt","status":"publish","type":"page","link":"https:\/\/ebeltoftstrandcamping.dk\/de\/feiertag-christi-himmelfahrt\/","title":{"rendered":"Feiertag Christi Himmelfahrt"},"content":{"rendered":"<p>[et_pb_section fb_built=&#8220;1&#8243; _builder_version=&#8220;4.27.4&#8243; _module_preset=&#8220;default&#8220; use_background_color_gradient=&#8220;on&#8220; background_color_gradient_direction=&#8220;45deg&#8220; background_color_gradient_stops=&#8220;rgba(0,0,0,0.6) 0%|rgba(0,0,0,0.6) 100%&#8220; background_color_gradient_overlays_image=&#8220;on&#8220; background_image=&#8220;https:\/\/ebeltoftstrandcamping.dk\/wp-content\/uploads\/2025\/01\/DSC02433-11920&#215;840-1.jpg&#8220; hover_enabled=&#8220;0&#8243; global_colors_info=&#8220;{}&#8220; max_height_last_edited=&#8220;off|desktop&#8220; height_last_edited=&#8220;on|phone&#8220; height=&#8220;400px&#8220; sticky_enabled=&#8220;0&#8243; height_tablet=&#8220;350px&#8220; height_phone=&#8220;350px&#8220;][et_pb_row _builder_version=&#8220;4.17.3&#8243; _module_preset=&#8220;default&#8220; custom_padding=&#8220;||0px||false|false&#8220; global_colors_info=&#8220;{}&#8220;][et_pb_column type=&#8220;4_4&#8243; _builder_version=&#8220;4.17.3&#8243; _module_preset=&#8220;default&#8220; global_colors_info=&#8220;{}&#8220;][et_pb_text _builder_version=&#8220;4.17.3&#8243; _module_preset=&#8220;default&#8220; header_font=&#8220;||||||||&#8220; header_text_color=&#8220;#FFFFFF&#8220; header_2_text_color=&#8220;#FFFFFF&#8220; custom_margin=&#8220;||0px||false|false&#8220; border_color_all=&#8220;gcid-7ce7b00a-a0f7-4559-8af2-0adef5afd391&#8243; global_colors_info=&#8220;{%22gcid-7ce7b00a-a0f7-4559-8af2-0adef5afd391%22:%91%22border_color_all%22%93}&#8220;]<\/p>\n<h1><span data-teams=\"true\"><strong>Verl\u00e4ngern Sie den Fr\u00fchling mit Camping w\u00e4hrend der Himmelfahrtsferien in Ebeltoft<\/strong><\/span><\/h1>\n<p>[\/et_pb_text][\/et_pb_column][\/et_pb_row][et_pb_row _builder_version=&#8220;4.17.3&#8243; _module_preset=&#8220;default&#8220; custom_padding=&#8220;0px||||false|false&#8220; global_colors_info=&#8220;{}&#8220;][et_pb_column type=&#8220;4_4&#8243; _builder_version=&#8220;4.17.3&#8243; _module_preset=&#8220;default&#8220; global_colors_info=&#8220;{}&#8220;][et_pb_divider color=&#8220;gcid-7ce7b00a-a0f7-4559-8af2-0adef5afd391&#8243; _builder_version=&#8220;4.17.3&#8243; _module_preset=&#8220;default&#8220; height=&#8220;0px&#8220; custom_margin=&#8220;||0px||false|false&#8220; custom_padding=&#8220;||||false|false&#8220; global_colors_info=&#8220;{%22gcid-7ce7b00a-a0f7-4559-8af2-0adef5afd391%22:%91%22border_color_right%22,%22color%22%93}&#8220;][\/et_pb_divider][et_pb_divider show_divider=&#8220;off&#8220; admin_label=&#8220;Point right bottom&#8220; module_class=&#8220;dot-right-bottom sub-page-dot&#8220; _builder_version=&#8220;4.17.3&#8243; _module_preset=&#8220;default&#8220; height=&#8220;25px&#8220; border_width_right=&#8220;1px&#8220; border_color_right=&#8220;gcid-7ce7b00a-a0f7-4559-8af2-0adef5afd391&#8243; global_colors_info=&#8220;{%22gcid-7ce7b00a-a0f7-4559-8af2-0adef5afd391%22:%91%22border_color_right%22%93}&#8220;][\/et_pb_divider][\/et_pb_column][\/et_pb_row][\/et_pb_section][et_pb_section fb_built=&#8220;1&#8243; _builder_version=&#8220;4.27.3&#8243; _module_preset=&#8220;default&#8220; background_image=&#8220;https:\/\/ebeltoftstrandcamping.dk\/wp-content\/uploads\/2024\/10\/corner-dots-left-top.png&#8220; background_size=&#8220;initial&#8220; background_position=&#8220;top_left&#8220; background_last_edited=&#8220;on|tablet&#8220; background_enable_image_tablet=&#8220;off&#8220; global_colors_info=&#8220;{}&#8220;][et_pb_row column_structure=&#8220;1_2,1_2&#8243; _builder_version=&#8220;4.17.3&#8243; _module_preset=&#8220;default&#8220; custom_padding=&#8220;50px||35px||false|false&#8220; global_colors_info=&#8220;{}&#8220;][et_pb_column type=&#8220;1_2&#8243; _builder_version=&#8220;4.17.3&#8243; _module_preset=&#8220;default&#8220; custom_padding=&#8220;25px||||false|false&#8220; global_colors_info=&#8220;{}&#8220;][et_pb_text _builder_version=&#8220;4.27.4&#8243; _module_preset=&#8220;default&#8220; text_font=&#8220;||||||||&#8220; text_line_height=&#8220;1.8em&#8220; global_colors_info=&#8220;{}&#8220;]<\/p>\n<p><span data-teams=\"true\">Der Himmelfahrtsurlaub ist die perfekte Gelegenheit, sich im Fr\u00fchling eine wohlverdiente Pause zu g\u00f6nnen. Auf Ebeltoft Strand Camping bekommen Sie alles: K\u00fcste, Natur und die N\u00e4he zur Stadt &#8211; und das alles mitten im sch\u00f6nen Djursland. Hier k\u00f6nnen Sie einen Mini-Urlaub mit Ruhe, Zweisamkeit und Erlebnissen in malerischer Umgebung genie\u00dfen.  <\/span><\/p>\n<p>[\/et_pb_text][et_pb_text _builder_version=&#8220;4.27.4&#8243; _module_preset=&#8220;default&#8220; global_colors_info=&#8220;{}&#8220;]<\/p>\n<h2><span data-teams=\"true\"><strong>Miniurlaub mit Meerblick und Natur vor der Haust\u00fcr<\/strong><\/span><\/h2>\n<p>[\/et_pb_text][et_pb_text _builder_version=&#8220;4.27.4&#8243; _module_preset=&#8220;default&#8220; text_font=&#8220;||||||||&#8220; text_line_height=&#8220;1.8em&#8220; global_colors_info=&#8220;{}&#8220;]<\/p>\n<p><span data-teams=\"true\">Unser Campingplatz liegt in der ersten Reihe von Ebeltoft Vig und mit dem Nationalpark Mols Bjerge im Hinterhof. Hier finden Sie einen weiten Himmel, Vogelgezwitscher am Morgen und ruhige Abende am Wasser. Ob Sie mit einem Zelt, Wohnwagen oder Wohnmobil kommen, die Umgebung ist perfekt f\u00fcr einen entspannten <strong>Himmelfahrtsurlaub in Ebeltoft<\/strong>.  <\/span><\/p>\n<p>[\/et_pb_text][\/et_pb_column][et_pb_column type=&#8220;1_2&#8243; _builder_version=&#8220;4.17.3&#8243; _module_preset=&#8220;default&#8220; global_colors_info=&#8220;{}&#8220;][et_pb_image src=&#8220;https:\/\/ebeltoftstrandcamping.dk\/wp-content\/uploads\/2025\/03\/ESC_CAMPLIFE-2286-2.jpg&#8220; title_text=&#8220;ESC_CAMPLIFE-2286 (2)&#8220; _builder_version=&#8220;4.27.4&#8243; _module_preset=&#8220;default&#8220; animation_style=&#8220;slide&#8220; animation_direction=&#8220;right&#8220; animation_duration=&#8220;1500ms&#8220; animation_delay=&#8220;100ms&#8220; animation_intensity_slide=&#8220;5%&#8220; global_colors_info=&#8220;{}&#8220;][\/et_pb_image][\/et_pb_column][\/et_pb_row][\/et_pb_section][et_pb_section fb_built=&#8220;1&#8243; _builder_version=&#8220;4.27.3&#8243; _module_preset=&#8220;default&#8220; global_colors_info=&#8220;{}&#8220;][et_pb_row column_structure=&#8220;1_2,1_2&#8243; _builder_version=&#8220;4.27.3&#8243; _module_preset=&#8220;default&#8220; global_colors_info=&#8220;{}&#8220;][et_pb_column type=&#8220;1_2&#8243; _builder_version=&#8220;4.27.3&#8243; _module_preset=&#8220;default&#8220; global_colors_info=&#8220;{}&#8220;][et_pb_image src=&#8220;https:\/\/ebeltoftstrandcamping.dk\/wp-content\/uploads\/2025\/03\/IMG_3804.900&#215;600.jpg&#8220; title_text=&#8220;IMG_3804.900&#215;600&#8243; disabled_on=&#8220;on|on|off&#8220; _builder_version=&#8220;4.27.4&#8243; _module_preset=&#8220;default&#8220; global_colors_info=&#8220;{}&#8220;][\/et_pb_image][\/et_pb_column][et_pb_column type=&#8220;1_2&#8243; _builder_version=&#8220;4.27.3&#8243; _module_preset=&#8220;default&#8220; global_colors_info=&#8220;{}&#8220;][et_pb_heading title=&#8220;Komfortabler H\u00fcttenurlaub f\u00fcr Fr\u00fchlings-Mini-Urlaube&#8220; _builder_version=&#8220;4.27.4&#8243; _module_preset=&#8220;default&#8220; title_level=&#8220;h4&#8243; title_text_align=&#8220;left&#8220; global_colors_info=&#8220;{}&#8220;][\/et_pb_heading][et_pb_text _builder_version=&#8220;4.27.4&#8243; _module_preset=&#8220;default&#8220; global_colors_info=&#8220;{}&#8220;]<\/p>\n<p><span data-teams=\"true\">F\u00fcr ein bisschen mehr Komfort k\u00f6nnen Sie eine unserer voll ausgestatteten H\u00fctten mieten. Die H\u00fctten bieten Platz f\u00fcr Familien und Paare gleicherma\u00dfen und sind ideal f\u00fcr einen <strong>Kurzurlaub im Fr\u00fchling<\/strong>, bei dem Sie kochen, entspannen und Ihren eigenen Freiraum genie\u00dfen k\u00f6nnen &#8211; und das alles in der N\u00e4he der Natur und der Stadt. <\/span><\/p>\n<p>[\/et_pb_text][et_pb_heading title=&#8220;Christi Himmelfahrt in Djursland &#8211; Erlebnisse f\u00fcr alle&#8220; _builder_version=&#8220;4.27.4&#8243; _module_preset=&#8220;default&#8220; title_level=&#8220;h4&#8243; title_text_align=&#8220;left&#8220; global_colors_info=&#8220;{}&#8220;][\/et_pb_heading][et_pb_text _builder_version=&#8220;4.27.4&#8243; _module_preset=&#8220;default&#8220; global_colors_info=&#8220;{}&#8220;]<\/p>\n<p>Djursland ist voll von Aktivit\u00e4ten w\u00e4hrend der Himmelfahrtsferien. Vom Campingplatz aus ist es nicht weit bis zum: <\/p>\n<ul>\n<li>Glasmuseum Ebeltoft und das historische Stadtzentrum<\/li>\n<li>Mols Bjerge National Park &#8211; ideal zum Wandern und Radfahren<\/li>\n<li>Ree Park Safari und Skandinavischer Wildtierpark<\/li>\n<li>Caf\u00e9s, Eisdielen und Gesch\u00e4fte am gem\u00fctlichen Hafen von Ebeltoft<\/li>\n<\/ul>\n<p>Es ist einfach, Entspannung vor Ort mit spannenden Ausfl\u00fcgen in die Umgebung zu verbinden.<\/p>\n<p>[\/et_pb_text][\/et_pb_column][\/et_pb_row][et_pb_row column_structure=&#8220;1_2,1_2&#8243; _builder_version=&#8220;4.27.3&#8243; _module_preset=&#8220;default&#8220; global_colors_info=&#8220;{}&#8220;][et_pb_column type=&#8220;1_2&#8243; _builder_version=&#8220;4.27.3&#8243; _module_preset=&#8220;default&#8220; global_colors_info=&#8220;{}&#8220;][et_pb_heading title=&#8220;Zeit zum Zusammensein&#8220; _builder_version=&#8220;4.27.4&#8243; _module_preset=&#8220;default&#8220; title_level=&#8220;h4&#8243; global_colors_info=&#8220;{}&#8220;][\/et_pb_heading][et_pb_text _builder_version=&#8220;4.27.4&#8243; _module_preset=&#8220;default&#8220; global_colors_info=&#8220;{}&#8220;]<\/p>\n<p>Jedes Jahr stellen wir fest, dass viele Familien <strong>den Himmelfahrtsurlaub<\/strong> nutzen, um Zeit miteinander zu verbringen, ohne Zeitplan und Stress. Werfen Sie den Grill an, machen Sie einen Spaziergang am Strand, spielen Sie Karten in der Abendsonne &#8211; und genie\u00dfen Sie die Freiheit, die das Camping bietet. Hier gibt es Ruhe, Raum und Zeit f\u00fcreinander.  <\/p>\n<p>[\/et_pb_text][\/et_pb_column][et_pb_column type=&#8220;1_2&#8243; _builder_version=&#8220;4.27.3&#8243; _module_preset=&#8220;default&#8220; global_colors_info=&#8220;{}&#8220;][et_pb_image src=&#8220;https:\/\/ebeltoftstrandcamping.dk\/wp-content\/uploads\/2025\/03\/DSC01942-2-1900&#215;600-1.jpg&#8220; title_text=&#8220;DSC01942 (2) (1)900&#215;600&#8243; _builder_version=&#8220;4.27.4&#8243; _module_preset=&#8220;default&#8220; locked=&#8220;off&#8220; global_colors_info=&#8220;{}&#8220;][\/et_pb_image][\/et_pb_column][\/et_pb_row][et_pb_row column_structure=&#8220;1_2,1_2&#8243; _builder_version=&#8220;4.27.4&#8243; _module_preset=&#8220;default&#8220; global_colors_info=&#8220;{}&#8220;][et_pb_column type=&#8220;1_2&#8243; _builder_version=&#8220;4.27.3&#8243; _module_preset=&#8220;default&#8220; global_colors_info=&#8220;{}&#8220;][et_pb_image src=&#8220;https:\/\/ebeltoftstrandcamping.dk\/wp-content\/uploads\/2025\/03\/ESC_CAMPLIFE-2387.jpg&#8220; title_text=&#8220;ESC_CAMPLIFE-2387&#8243; disabled_on=&#8220;on|on|off&#8220; _builder_version=&#8220;4.27.4&#8243; _module_preset=&#8220;default&#8220; global_colors_info=&#8220;{}&#8220;][\/et_pb_image][\/et_pb_column][et_pb_column type=&#8220;1_2&#8243; _builder_version=&#8220;4.27.3&#8243; _module_preset=&#8220;default&#8220; global_colors_info=&#8220;{}&#8220;][et_pb_heading title=&#8220;Buchen Sie Ihren Urlaub an Christi Himmelfahrt in Ebeltoft&#8220; _builder_version=&#8220;4.27.4&#8243; _module_preset=&#8220;default&#8220; title_level=&#8220;h4&#8243; title_text_align=&#8220;left&#8220; global_colors_info=&#8220;{}&#8220;][\/et_pb_heading][et_pb_text _builder_version=&#8220;4.27.4&#8243; _module_preset=&#8220;default&#8220; global_colors_info=&#8220;{}&#8220;]<\/p>\n<p><span data-teams=\"true\">Die Feiertage an Christi Himmelfahrt sind sehr beliebt und die Pl\u00e4tze sind schnell ausgebucht. Nutzen Sie also die Gelegenheit, der Natur und einander n\u00e4her zu kommen &#8211; und buchen Sie noch heute Ihren Aufenthalt. Wir freuen uns darauf, Sie zu ein paar herrlichen Fr\u00fchlingstagen in Ebeltoft begr\u00fc\u00dfen zu d\u00fcrfen.  <\/span><\/p>\n<p>[\/et_pb_text][\/et_pb_column][\/et_pb_row][\/et_pb_section]<\/p>\n","protected":false},"excerpt":{"rendered":"<p>Verl\u00e4ngern Sie den Fr\u00fchling mit Camping w\u00e4hrend der Himmelfahrtsferien in EbeltoftDer Himmelfahrtsurlaub ist die perfekte Gelegenheit, sich im Fr\u00fchling eine wohlverdiente Pause zu g\u00f6nnen. Auf Ebeltoft Strand Camping bekommen Sie alles: K\u00fcste, Natur und die N\u00e4he zur Stadt &#8211; und das alles mitten im sch\u00f6nen Djursland. Hier k\u00f6nnen Sie einen Mini-Urlaub mit Ruhe, Zweisamkeit und [&hellip;]<\/p>\n","protected":false},"author":4,"featured_media":0,"parent":0,"menu_order":0,"comment_status":"closed","ping_status":"closed","template":"","meta":{"_et_pb_use_builder":"on","_et_pb_old_content":"","_et_gb_content_width":"","footnotes":""},"folder":[],"class_list":["post-102330","page","type-page","status-publish","hentry"],"yoast_head":"<!-- This site is optimized with the Yoast SEO plugin v27.4 - https:\/\/yoast.com\/product\/yoast-seo-wordpress\/ -->\n<title>Feiertag Christi Himmelfahrt in Ebeltoft | Camping &amp; Mini-Urlaub am Strand und in der Natur<\/title>\n<meta name=\"description\" content=\"Genie\u00dfen Sie die Feiertage an Christi Himmelfahrt in Ebeltoft auf Djursland. Machen Sie einen Campingausflug oder einen Mini-Urlaub in Wassern\u00e4he und erleben Sie Natur, Stadtleben und Familienspa\u00df.\" \/>\n<meta name=\"robots\" content=\"index, follow, max-snippet:-1, max-image-preview:large, max-video-preview:-1\" \/>\n<link rel=\"canonical\" href=\"https:\/\/ebeltoftstrandcamping.dk\/de\/feiertag-christi-himmelfahrt\/\" \/>\n<meta property=\"og:locale\" content=\"de_DE\" \/>\n<meta property=\"og:type\" content=\"article\" \/>\n<meta property=\"og:title\" content=\"Feiertag Christi Himmelfahrt in Ebeltoft | Camping &amp; Mini-Urlaub am Strand und in der Natur\" \/>\n<meta property=\"og:description\" content=\"Genie\u00dfen Sie die Feiertage an Christi Himmelfahrt in Ebeltoft auf Djursland. Machen Sie einen Campingausflug oder einen Mini-Urlaub in Wassern\u00e4he und erleben Sie Natur, Stadtleben und Familienspa\u00df.\" \/>\n<meta property=\"og:url\" content=\"https:\/\/ebeltoftstrandcamping.dk\/de\/feiertag-christi-himmelfahrt\/\" \/>\n<meta property=\"og:site_name\" content=\"Ebeltoft Strand Camping\" \/>\n<meta property=\"article:publisher\" content=\"https:\/\/www.facebook.com\/ebeltoftstrandcamping\" \/>\n<meta property=\"article:modified_time\" content=\"2025-04-06T18:32:58+00:00\" \/>\n<meta property=\"og:image\" content=\"https:\/\/ebeltoftstrandcamping.dk\/wp-content\/uploads\/2025\/01\/Ebeltoft-360-px-high.png\" \/>\n\t<meta property=\"og:image:width\" content=\"1285\" \/>\n\t<meta property=\"og:image:height\" content=\"360\" \/>\n\t<meta property=\"og:image:type\" content=\"image\/png\" \/>\n<meta name=\"twitter:card\" content=\"summary_large_image\" \/>\n<meta name=\"twitter:label1\" content=\"Gesch\u00e4tzte Lesezeit\" \/>\n\t<meta name=\"twitter:data1\" content=\"6\u00a0Minuten\" \/>\n<script type=\"application\/ld+json\" class=\"yoast-schema-graph\">{\"@context\":\"https:\\\/\\\/schema.org\",\"@graph\":[{\"@type\":\"WebPage\",\"@id\":\"https:\\\/\\\/ebeltoftstrandcamping.dk\\\/de\\\/feiertag-christi-himmelfahrt\\\/\",\"url\":\"https:\\\/\\\/ebeltoftstrandcamping.dk\\\/de\\\/feiertag-christi-himmelfahrt\\\/\",\"name\":\"Feiertag Christi Himmelfahrt in Ebeltoft | Camping & Mini-Urlaub am Strand und in der Natur\",\"isPartOf\":{\"@id\":\"https:\\\/\\\/ebeltoftstrandcamping.dk\\\/de\\\/#website\"},\"datePublished\":\"2025-03-21T13:08:37+00:00\",\"dateModified\":\"2025-04-06T18:32:58+00:00\",\"description\":\"Genie\u00dfen Sie die Feiertage an Christi Himmelfahrt in Ebeltoft auf Djursland. Machen Sie einen Campingausflug oder einen Mini-Urlaub in Wassern\u00e4he und erleben Sie Natur, Stadtleben und Familienspa\u00df.\",\"breadcrumb\":{\"@id\":\"https:\\\/\\\/ebeltoftstrandcamping.dk\\\/de\\\/feiertag-christi-himmelfahrt\\\/#breadcrumb\"},\"inLanguage\":\"de\",\"potentialAction\":[{\"@type\":\"ReadAction\",\"target\":[\"https:\\\/\\\/ebeltoftstrandcamping.dk\\\/de\\\/feiertag-christi-himmelfahrt\\\/\"]}]},{\"@type\":\"BreadcrumbList\",\"@id\":\"https:\\\/\\\/ebeltoftstrandcamping.dk\\\/de\\\/feiertag-christi-himmelfahrt\\\/#breadcrumb\",\"itemListElement\":[{\"@type\":\"ListItem\",\"position\":1,\"name\":\"Home\",\"item\":\"https:\\\/\\\/ebeltoftstrandcamping.dk\\\/de\\\/startseite\\\/\"},{\"@type\":\"ListItem\",\"position\":2,\"name\":\"Feiertag Christi Himmelfahrt\"}]},{\"@type\":\"WebSite\",\"@id\":\"https:\\\/\\\/ebeltoftstrandcamping.dk\\\/de\\\/#website\",\"url\":\"https:\\\/\\\/ebeltoftstrandcamping.dk\\\/de\\\/\",\"name\":\"Ebeltoft Strand Camping\",\"description\":\"Din n\u00e6ste campingferie\",\"publisher\":{\"@id\":\"https:\\\/\\\/ebeltoftstrandcamping.dk\\\/de\\\/#organization\"},\"potentialAction\":[{\"@type\":\"SearchAction\",\"target\":{\"@type\":\"EntryPoint\",\"urlTemplate\":\"https:\\\/\\\/ebeltoftstrandcamping.dk\\\/de\\\/?s={search_term_string}\"},\"query-input\":{\"@type\":\"PropertyValueSpecification\",\"valueRequired\":true,\"valueName\":\"search_term_string\"}}],\"inLanguage\":\"de\"},{\"@type\":\"Organization\",\"@id\":\"https:\\\/\\\/ebeltoftstrandcamping.dk\\\/de\\\/#organization\",\"name\":\"Ebeltoft Strand Camping\",\"url\":\"https:\\\/\\\/ebeltoftstrandcamping.dk\\\/de\\\/\",\"logo\":{\"@type\":\"ImageObject\",\"inLanguage\":\"de\",\"@id\":\"https:\\\/\\\/ebeltoftstrandcamping.dk\\\/de\\\/#\\\/schema\\\/logo\\\/image\\\/\",\"url\":\"https:\\\/\\\/ebeltoftstrandcamping.dk\\\/wp-content\\\/uploads\\\/2025\\\/01\\\/Ebeltoft-360-px-high.png\",\"contentUrl\":\"https:\\\/\\\/ebeltoftstrandcamping.dk\\\/wp-content\\\/uploads\\\/2025\\\/01\\\/Ebeltoft-360-px-high.png\",\"width\":1285,\"height\":360,\"caption\":\"Ebeltoft Strand Camping\"},\"image\":{\"@id\":\"https:\\\/\\\/ebeltoftstrandcamping.dk\\\/de\\\/#\\\/schema\\\/logo\\\/image\\\/\"},\"sameAs\":[\"https:\\\/\\\/www.facebook.com\\\/ebeltoftstrandcamping\",\"https:\\\/\\\/www.instagram.com\\\/ebeltoftstrandcamping\\\/\"]}]}<\/script>\n<!-- \/ Yoast SEO plugin. -->","yoast_head_json":{"title":"Feiertag Christi Himmelfahrt in Ebeltoft | Camping & Mini-Urlaub am Strand und in der Natur","description":"Genie\u00dfen Sie die Feiertage an Christi Himmelfahrt in Ebeltoft auf Djursland. Machen Sie einen Campingausflug oder einen Mini-Urlaub in Wassern\u00e4he und erleben Sie Natur, Stadtleben und Familienspa\u00df.","robots":{"index":"index","follow":"follow","max-snippet":"max-snippet:-1","max-image-preview":"max-image-preview:large","max-video-preview":"max-video-preview:-1"},"canonical":"https:\/\/ebeltoftstrandcamping.dk\/de\/feiertag-christi-himmelfahrt\/","og_locale":"de_DE","og_type":"article","og_title":"Feiertag Christi Himmelfahrt in Ebeltoft | Camping & Mini-Urlaub am Strand und in der Natur","og_description":"Genie\u00dfen Sie die Feiertage an Christi Himmelfahrt in Ebeltoft auf Djursland. Machen Sie einen Campingausflug oder einen Mini-Urlaub in Wassern\u00e4he und erleben Sie Natur, Stadtleben und Familienspa\u00df.","og_url":"https:\/\/ebeltoftstrandcamping.dk\/de\/feiertag-christi-himmelfahrt\/","og_site_name":"Ebeltoft Strand Camping","article_publisher":"https:\/\/www.facebook.com\/ebeltoftstrandcamping","article_modified_time":"2025-04-06T18:32:58+00:00","og_image":[{"width":1285,"height":360,"url":"https:\/\/ebeltoftstrandcamping.dk\/wp-content\/uploads\/2025\/01\/Ebeltoft-360-px-high.png","type":"image\/png"}],"twitter_card":"summary_large_image","twitter_misc":{"Gesch\u00e4tzte Lesezeit":"6\u00a0Minuten"},"schema":{"@context":"https:\/\/schema.org","@graph":[{"@type":"WebPage","@id":"https:\/\/ebeltoftstrandcamping.dk\/de\/feiertag-christi-himmelfahrt\/","url":"https:\/\/ebeltoftstrandcamping.dk\/de\/feiertag-christi-himmelfahrt\/","name":"Feiertag Christi Himmelfahrt in Ebeltoft | Camping & Mini-Urlaub am Strand und in der Natur","isPartOf":{"@id":"https:\/\/ebeltoftstrandcamping.dk\/de\/#website"},"datePublished":"2025-03-21T13:08:37+00:00","dateModified":"2025-04-06T18:32:58+00:00","description":"Genie\u00dfen Sie die Feiertage an Christi Himmelfahrt in Ebeltoft auf Djursland. Machen Sie einen Campingausflug oder einen Mini-Urlaub in Wassern\u00e4he und erleben Sie Natur, Stadtleben und Familienspa\u00df.","breadcrumb":{"@id":"https:\/\/ebeltoftstrandcamping.dk\/de\/feiertag-christi-himmelfahrt\/#breadcrumb"},"inLanguage":"de","potentialAction":[{"@type":"ReadAction","target":["https:\/\/ebeltoftstrandcamping.dk\/de\/feiertag-christi-himmelfahrt\/"]}]},{"@type":"BreadcrumbList","@id":"https:\/\/ebeltoftstrandcamping.dk\/de\/feiertag-christi-himmelfahrt\/#breadcrumb","itemListElement":[{"@type":"ListItem","position":1,"name":"Home","item":"https:\/\/ebeltoftstrandcamping.dk\/de\/startseite\/"},{"@type":"ListItem","position":2,"name":"Feiertag Christi Himmelfahrt"}]},{"@type":"WebSite","@id":"https:\/\/ebeltoftstrandcamping.dk\/de\/#website","url":"https:\/\/ebeltoftstrandcamping.dk\/de\/","name":"Ebeltoft Strand Camping","description":"Din n\u00e6ste campingferie","publisher":{"@id":"https:\/\/ebeltoftstrandcamping.dk\/de\/#organization"},"potentialAction":[{"@type":"SearchAction","target":{"@type":"EntryPoint","urlTemplate":"https:\/\/ebeltoftstrandcamping.dk\/de\/?s={search_term_string}"},"query-input":{"@type":"PropertyValueSpecification","valueRequired":true,"valueName":"search_term_string"}}],"inLanguage":"de"},{"@type":"Organization","@id":"https:\/\/ebeltoftstrandcamping.dk\/de\/#organization","name":"Ebeltoft Strand Camping","url":"https:\/\/ebeltoftstrandcamping.dk\/de\/","logo":{"@type":"ImageObject","inLanguage":"de","@id":"https:\/\/ebeltoftstrandcamping.dk\/de\/#\/schema\/logo\/image\/","url":"https:\/\/ebeltoftstrandcamping.dk\/wp-content\/uploads\/2025\/01\/Ebeltoft-360-px-high.png","contentUrl":"https:\/\/ebeltoftstrandcamping.dk\/wp-content\/uploads\/2025\/01\/Ebeltoft-360-px-high.png","width":1285,"height":360,"caption":"Ebeltoft Strand Camping"},"image":{"@id":"https:\/\/ebeltoftstrandcamping.dk\/de\/#\/schema\/logo\/image\/"},"sameAs":["https:\/\/www.facebook.com\/ebeltoftstrandcamping","https:\/\/www.instagram.com\/ebeltoftstrandcamping\/"]}]}},"_links":{"self":[{"href":"https:\/\/ebeltoftstrandcamping.dk\/de\/wp-json\/wp\/v2\/pages\/102330","targetHints":{"allow":["GET"]}}],"collection":[{"href":"https:\/\/ebeltoftstrandcamping.dk\/de\/wp-json\/wp\/v2\/pages"}],"about":[{"href":"https:\/\/ebeltoftstrandcamping.dk\/de\/wp-json\/wp\/v2\/types\/page"}],"author":[{"embeddable":true,"href":"https:\/\/ebeltoftstrandcamping.dk\/de\/wp-json\/wp\/v2\/users\/4"}],"replies":[{"embeddable":true,"href":"https:\/\/ebeltoftstrandcamping.dk\/de\/wp-json\/wp\/v2\/comments?post=102330"}],"version-history":[{"count":2,"href":"https:\/\/ebeltoftstrandcamping.dk\/de\/wp-json\/wp\/v2\/pages\/102330\/revisions"}],"predecessor-version":[{"id":102335,"href":"https:\/\/ebeltoftstrandcamping.dk\/de\/wp-json\/wp\/v2\/pages\/102330\/revisions\/102335"}],"wp:attachment":[{"href":"https:\/\/ebeltoftstrandcamping.dk\/de\/wp-json\/wp\/v2\/media?parent=102330"}],"wp:term":[{"taxonomy":"folder","embeddable":true,"href":"https:\/\/ebeltoftstrandcamping.dk\/de\/wp-json\/wp\/v2\/folder?post=102330"}],"curies":[{"name":"wp","href":"https:\/\/api.w.org\/{rel}","templated":true}]}}